{"id":70,"date":"2020-08-19T12:23:54","date_gmt":"2020-08-19T15:23:54","guid":{"rendered":"http:\/\/tathatavrindham-brasil.com.br\/site\/?page_id=70"},"modified":"2020-10-05T11:08:23","modified_gmt":"2020-10-05T14:08:23","slug":"bem-vindos-ao-site-do-dharma-no-brasil","status":"publish","type":"page","link":"http:\/\/tathatavrindham-brasil.com.br\/site\/bem-vindos-ao-site-do-dharma-no-brasil\/","title":{"rendered":"Bem-vindos ao site do Dharma no Brasil"},"content":{"rendered":"<p style=\"text-align: justify;\"><span style=\"font-family: arial, helvetica, sans-serif;\">Atualmente a humanidade atravessa um per\u00edodo de grandes mudan\u00e7as; um ciclo se termina e outro se abre a n\u00f3s; estas mudan\u00e7as se manifestam em cada ser humano atrav\u00e9s de uma <strong>aspira\u00e7\u00e3o<\/strong> a algo maior, os que a ouvem se p\u00f5em a caminho para fazer <strong>progredir suas consci\u00eancias<\/strong> e <strong>purificar<\/strong> todos os aspecto deles mesmos e assim paralelamente transformarem suas vidas.<\/span><\/p>\n<p style=\"text-align: justify;\"><img decoding=\"async\" loading=\"lazy\" class=\"aligncenter size-full wp-image-41\" src=\"http:\/\/tathatavrindham-brasil.com.br\/site\/wp-content\/uploads\/2020\/08\/tathata_page.png\" alt=\"\" width=\"930\" height=\"321\" srcset=\"http:\/\/tathatavrindham-brasil.com.br\/site\/wp-content\/uploads\/2020\/08\/tathata_page.png 930w, http:\/\/tathatavrindham-brasil.com.br\/site\/wp-content\/uploads\/2020\/08\/tathata_page-300x104.png 300w, http:\/\/tathatavrindham-brasil.com.br\/site\/wp-content\/uploads\/2020\/08\/tathata_page-768x265.png 768w\" sizes=\"(max-width: 930px) 100vw, 930px\" \/><\/p>\n<p style=\"text-align: justify;\"><span style=\"font-family: arial, helvetica, sans-serif;\">A mudan\u00e7a global que observamos \u00e9 a que leva a uma consci\u00eancia muito mais elevada. Os que caminham no sentido desta mudan\u00e7a desejada pela pr\u00f3pria Natureza, v\u00eam suas consci\u00eancias progredir, se expandir e se voltar para o aspecto Universal da vida.<br \/>\nSomos todos UM no estado final, e em outro n\u00edvel estamos todos conectados; os objetivos que fixamos e nossas a\u00e7\u00f5es devem ser inscritas nesta perspectiva larga e global, incluindo todos os seres!<\/span><\/p>\n<p style=\"text-align: justify;\"><span style=\"font-family: arial, helvetica, sans-serif;\">Assim n\u00f3s nos alinhamos \u00e0 Vontade Divina e a energia divina flui abundantemente, tudo se inscrevendo na <strong>Harmonia<\/strong> e no <strong>Amor<\/strong>.<\/span><\/p>\n<p style=\"text-align: justify;\"><span style=\"font-family: arial, helvetica, sans-serif;\">Aos que aspiram a esta mudan\u00e7a, a este &#8220;tornar-se universal&#8221;, <span style=\"font-size: 12pt;\">\u015ar\u012b Tath\u0101ta abre as portas atrav\u00e9s de seus ensinamentos e inicia\u00e7\u00f5es, de modo que a humanidade inteira possa se elevar em consci\u00eancia.<\/span><\/span><\/p>\n<p style=\"text-align: justify;\"><span style=\"font-family: arial, helvetica, sans-serif;\">De acordo com <strong>\u015ar\u012b Tath\u0101ta<\/strong> \u201c<strong>Deus<\/strong> previu a <strong>Cria\u00e7\u00e3o<\/strong> de modo que todos os Seres Criados possam alcan\u00e7ar o Bem-Estar, mas o progresso do Mundo depende do desenvolvimento da Consci\u00eancia Humana; Viver de acordo com o <strong>Dharma<\/strong> permite ambos&#8221;.<\/span><\/p>\n<p style=\"text-align: center;\"><span style=\"font-family: arial, helvetica, sans-serif;\"><strong>O principal dever do Ser Humano \u00e9 alinhar a sua Vida em sintonia com o prop\u00f3sito da Cria\u00e7\u00e3o.<\/strong><\/span><\/p>\n<p style=\"text-align: center; padding: 12px; background-color: #6c0b12; border-radius: 5px;\"><span style=\"font-family: arial, helvetica, sans-serif; font-size: 12pt;\"><span style=\"color: #ffbfdf;\">\u015ar\u012b Tath\u0101ta traz o Dharma do tempo presente como uma ajuda preciosa para expandir nossa Consci\u00eancia e nos reconectar com o prop\u00f3sito da Vida, para que uma nova Consci\u00eancia emerja sobre a Terra.<\/span><\/span><\/p>\n","protected":false},"excerpt":{"rendered":"<p>Atualmente a humanidade atravessa um per\u00edodo de grandes mudan\u00e7as; um ciclo se termina e outro se abre a n\u00f3s; estas mudan\u00e7as se manifestam em cada ser humano atrav\u00e9s de uma aspira\u00e7\u00e3o a algo maior, os que a ouvem se p\u00f5em<\/p>\n","protected":false},"author":1,"featured_media":41,"parent":0,"menu_order":0,"comment_status":"closed","ping_status":"closed","template":"","meta":[],"_links":{"self":[{"href":"http:\/\/tathatavrindham-brasil.com.br\/site\/wp-json\/wp\/v2\/pages\/70"}],"collection":[{"href":"http:\/\/tathatavrindham-brasil.com.br\/site\/wp-json\/wp\/v2\/pages"}],"about":[{"href":"http:\/\/tathatavrindham-brasil.com.br\/site\/wp-json\/wp\/v2\/types\/page"}],"author":[{"embeddable":true,"href":"http:\/\/tathatavrindham-brasil.com.br\/site\/wp-json\/wp\/v2\/users\/1"}],"replies":[{"embeddable":true,"href":"http:\/\/tathatavrindham-brasil.com.br\/site\/wp-json\/wp\/v2\/comments?post=70"}],"version-history":[{"count":20,"href":"http:\/\/tathatavrindham-brasil.com.br\/site\/wp-json\/wp\/v2\/pages\/70\/revisions"}],"predecessor-version":[{"id":894,"href":"http:\/\/tathatavrindham-brasil.com.br\/site\/wp-json\/wp\/v2\/pages\/70\/revisions\/894"}],"wp:featuredmedia":[{"embeddable":true,"href":"http:\/\/tathatavrindham-brasil.com.br\/site\/wp-json\/wp\/v2\/media\/41"}],"wp:attachment":[{"href":"http:\/\/tathatavrindham-brasil.com.br\/site\/wp-json\/wp\/v2\/media?parent=70"}],"curies":[{"name":"wp","href":"https:\/\/api.w.org\/{rel}","templated":true}]}}