{"id":323,"date":"2020-08-20T16:01:13","date_gmt":"2020-08-20T19:01:13","guid":{"rendered":"http:\/\/tathatavrindham-brasil.com.br\/site\/?page_id=323"},"modified":"2020-09-22T12:11:03","modified_gmt":"2020-09-22T15:11:03","slug":"o-dharma","status":"publish","type":"page","link":"https:\/\/tathatavrindham-brasil.com.br\/site\/o-dharma\/","title":{"rendered":"O Dharma"},"content":{"rendered":"<p><span style=\"font-family: arial, helvetica, sans-serif;\"><img decoding=\"async\" loading=\"lazy\" class=\"aligncenter size-full wp-image-170\" src=\"http:\/\/tathatavrindham-brasil.com.br\/site\/wp-content\/uploads\/2020\/08\/cachoeira-chapada-dos-guimaraes-2.jpg\" alt=\"O Dharma\" width=\"796\" height=\"565\" srcset=\"https:\/\/tathatavrindham-brasil.com.br\/site\/wp-content\/uploads\/2020\/08\/cachoeira-chapada-dos-guimaraes-2.jpg 796w, https:\/\/tathatavrindham-brasil.com.br\/site\/wp-content\/uploads\/2020\/08\/cachoeira-chapada-dos-guimaraes-2-300x213.jpg 300w, https:\/\/tathatavrindham-brasil.com.br\/site\/wp-content\/uploads\/2020\/08\/cachoeira-chapada-dos-guimaraes-2-768x545.jpg 768w\" sizes=\"(max-width: 796px) 100vw, 796px\" \/><\/span><\/p>\n<p style=\"text-align: center;\"><span style=\"font-family: arial, helvetica, sans-serif;\"><strong>De acordo com os Vedas, o Amor \u00e9 a subst\u00e2ncia b\u00e1sica utilizada por Deus para criar o Mundo, <\/strong><strong>toda a Cria\u00e7\u00e3o existe no Amor.<\/strong><\/span><\/p>\n<p style=\"text-align: center;\"><span style=\"font-family: arial, helvetica, sans-serif;\"><strong>&#8220;O objetivo da Natureza \u00e9 a Diviniza\u00e7\u00e3o perfeita. A M\u00e3e Natureza \u00e9 <\/strong><strong>movimento perp\u00e9tuo em dire\u00e7\u00e3o \u00e0 perfei\u00e7\u00e3o. N\u00f3s devemos entender esta verdade da Natureza para vivermos de acordo com Ela&#8221;<\/strong><\/span><\/p>\n<p style=\"text-align: center;\"><span style=\"font-family: arial, helvetica, sans-serif;\"><strong>&#8220;O Dharma \u00e9 o caminho que o homem deve percorrer para cumprir o prop\u00f3sito da Vida, o principal dever do ser humano \u00e9 alinhar sua Vida em sintonia com o prop\u00f3sito da Cria\u00e7\u00e3o&#8221;<\/strong><\/span><\/p>\n<p style=\"text-align: center;\"><span style=\"font-family: arial, helvetica, sans-serif; font-size: 12pt; color: #032140;\"><strong>A palavra Dharma significa a\u00e7\u00e3o justa em harmonia com a ordem de todas as coisas.<\/strong><\/span><\/p>\n<p style=\"text-align: justify;\">\u201c<span style=\"font-family: arial, helvetica, sans-serif;\"><strong>O Dharma<\/strong> \u00e9 a verdadeira ess\u00eancia da Vida Humana no Plano Terrestre. \u00c9 a Energia que sustenta. \u00c9 a base de tudo para que tudo exista numa ordem bem definida. O Dharma pode ser considerado como esta ordem.<\/span><\/p>\n<p style=\"text-align: justify;\"><span style=\"font-family: arial, helvetica, sans-serif;\">N\u00f3s podemos entender isto de modo simples. Por exemplo; na Semente dorme uma \u00c1rvore, ela est\u00e1 na Semente. As Flores, os Frutos, as Folhas, tudo j\u00e1 est\u00e1 contido dentro. A \u00c1rvore inteira est\u00e1 escondida na pequena Semente. Como ela cresce? Ela sai progressivamente, cresce e o Tronco se desenvolve. As Folhas, as Flores e os Frutos aparecem com alegria. Tudo isto acontece.<\/span><\/p>\n<p style=\"text-align: justify;\"><span style=\"font-family: arial, helvetica, sans-serif;\">Da mesma forma, a Alma Humana pode florescer, ela pode se realizar. Para n\u00f3s, a Semente \u00e9 a Energia escondida na nossa Alma. Esta Energia \u00e9 o Dharma. Se n\u00f3s desenvolvemos esta Semente de Energia, ela vai crescer e realizar o objetivo da nossa Vida. O Dharma \u00e9 o processo atrav\u00e9s do qual o florescimento da Vida Humana pode ser atingido. Atualmente a Semente est\u00e1 prematura. O Dharma \u00e9 o m\u00e9todo pr\u00e1tico, atrav\u00e9s do qual a Semente que se encontra dentro do Ser Humano pode se desenvolver, crescer e atingir o prop\u00f3sito final da Vida.\u201d<\/span><\/p>\n<p style=\"text-align: center;\"><span style=\"font-family: arial, helvetica, sans-serif;\"><strong>O papel do Ser Humano \u00e9 de Viver segundo o Dharma, tornar-se o pr\u00f3prio Dharma!<\/strong><\/span><\/p>\n<ul style=\"text-align: justify;\">\n<li><span style=\"font-family: arial, helvetica, sans-serif;\"><strong>Dharma para Todos<\/strong><\/span><\/li>\n<\/ul>\n<p style=\"text-align: justify;\"><span style=\"font-family: arial, helvetica, sans-serif;\">\u201cExiste uma diferen\u00e7a entre religi\u00e3o e espiritualidade. Os ensinamentos do Dharma deixados pelos Rishis \u2013 m\u00edsticos vision\u00e1rios da \u00cdndia &#8211; n\u00e3o eram uma religi\u00e3o. Dharma \u00e9 outra palavra para qualificar a \u201cRealidade final\u201d. Neste sentido, os ensinamentos dos Rishis eram universais. As religi\u00f5es, ligadas a uma cultura, servem de interm\u00e9dio entre os Seres e a Realidade final. Mas o Dharma transcende todas as limita\u00e7\u00f5es, culturas e religi\u00f5es, abrindo a uma consci\u00eancia Divina infinita. O Dharma est\u00e1 al\u00e9m de todas as categorias, ele \u00e9 destinado a toda a Humanidade. Um mu\u00e7ulmano, um judeu, um cat\u00f3lico, pode seguir o caminho do Dharma sem negar sua religi\u00e3o. A evolu\u00e7\u00e3o da Consci\u00eancia passa por esta pr\u00e1tica Universal do Dharma. Quando praticamos o Dharma, ascedemos aos mais altos n\u00edveis de Consci\u00eancia. O Dharma \u00e9 um canto escrito para todos. N\u00e3o existe um Dharma indiano ou brasileiro! A Realidade final deve ser pensada como um Todo. Neste n\u00edvel de Consci\u00eancia, todas as diferen\u00e7as de cultura ou de religi\u00e3o desaparecem. O Dharma \u00e9 Um. A Realidade final \u00e9 Uma. A Verdade \u00e9 Uma. A Felicidade final \u00e9 Uma.\u201d <em>\u015ar\u012b Tath\u0101ta<\/em><\/span><\/p>\n<ul style=\"text-align: justify;\">\n<li><span style=\"font-family: arial, helvetica, sans-serif;\"><strong>Dharma Sutras<\/strong><\/span><\/li>\n<\/ul>\n<p style=\"text-align: justify;\"><span style=\"font-family: arial, helvetica, sans-serif;\">Os Dharma Sutras s\u00e3o um conjunto de 50 vers\u00edculos Sagrados, que renovam nossa compreens\u00e3o do Dharma. Este tratado nos ensina de forma pr\u00e1tica as diferentes etapas para atingir e integrar o Divino em todos os aspectos da Vida.<\/span><\/p>\n<p style=\"text-align: justify;\"><span style=\"font-family: arial, helvetica, sans-serif;\">\u015ar\u012b Tath\u0101ta os recebeu diretamente do Divino e os revelou ao mundo dia 21 de janeiro de 1991 em Sarnath, perto de Benar\u00e9s.<\/span><\/p>\n<p style=\"text-align: justify;\"><span style=\"font-family: arial, helvetica, sans-serif;\">\u015ar\u012b Tath\u0101ta nos diz que nossas Almas aspiram por uma Vida Divina. Ele nos fala da necessidade de tomarmos Consci\u00eancia desta aspira\u00e7\u00e3o e de impregnar nossas Vidas dela.<\/span><\/p>\n<p style=\"text-align: justify;\"><span style=\"font-family: arial, helvetica, sans-serif;\">Uma grande parte da humanidade est\u00e1 atualmente pronta a tomar o caminho que leva ao cumprimento do prop\u00f3sito da Vida sobre a Terra, sem que seja necess\u00e1rio tornar-se asceta.<\/span><\/p>\n<p style=\"text-align: justify;\"><span style=\"font-family: arial, helvetica, sans-serif;\">\u015ar\u012b Tath\u0101ta afirma, como o Cristo, que \u00e9 durante nossa Vida encarnada que a transforma\u00e7\u00e3o deve ocorrer. N\u00f3s devemos nos unir \u00e0 Luz para melhor difund\u00ed-la em todos os aspectos da nossa Vida e em toda a Cria\u00e7\u00e3o.<\/span><\/p>\n<p style=\"text-align: justify;\"><span style=\"font-family: arial, helvetica, sans-serif;\">Os Dharma Sutras nos ensinam como.<\/span><\/p>\n<p style=\"text-align: justify;\"><span style=\"font-family: arial, helvetica, sans-serif;\"><strong>&#8220;Aqueles que s\u00e3o capazes de integrar em suas Vidas as etapas descritas nos Dharma S\u016btras podem transformar suas Vidas em uma celebra\u00e7\u00e3o.&#8221;<\/strong><\/span><\/p>\n<p style=\"text-align: right;\"><span style=\"font-family: arial, helvetica, sans-serif;\"><em>\u015ar\u012b Tath\u0101ta<\/em><\/span><\/p>\n","protected":false},"excerpt":{"rendered":"<p>De acordo com os Vedas, o Amor \u00e9 a subst\u00e2ncia b\u00e1sica utilizada por Deus para criar o Mundo, toda a Cria\u00e7\u00e3o existe no Amor. &#8220;O objetivo da Natureza \u00e9 a Diviniza\u00e7\u00e3o perfeita. A M\u00e3e Natureza \u00e9 movimento perp\u00e9tuo em dire\u00e7\u00e3o<\/p>\n","protected":false},"author":1,"featured_media":170,"parent":0,"menu_order":0,"comment_status":"closed","ping_status":"closed","template":"","meta":[],"_links":{"self":[{"href":"https:\/\/tathatavrindham-brasil.com.br\/site\/wp-json\/wp\/v2\/pages\/323"}],"collection":[{"href":"https:\/\/tathatavrindham-brasil.com.br\/site\/wp-json\/wp\/v2\/pages"}],"about":[{"href":"https:\/\/tathatavrindham-brasil.com.br\/site\/wp-json\/wp\/v2\/types\/page"}],"author":[{"embeddable":true,"href":"https:\/\/tathatavrindham-brasil.com.br\/site\/wp-json\/wp\/v2\/users\/1"}],"replies":[{"embeddable":true,"href":"https:\/\/tathatavrindham-brasil.com.br\/site\/wp-json\/wp\/v2\/comments?post=323"}],"version-history":[{"count":28,"href":"https:\/\/tathatavrindham-brasil.com.br\/site\/wp-json\/wp\/v2\/pages\/323\/revisions"}],"predecessor-version":[{"id":874,"href":"https:\/\/tathatavrindham-brasil.com.br\/site\/wp-json\/wp\/v2\/pages\/323\/revisions\/874"}],"wp:featuredmedia":[{"embeddable":true,"href":"https:\/\/tathatavrindham-brasil.com.br\/site\/wp-json\/wp\/v2\/media\/170"}],"wp:attachment":[{"href":"https:\/\/tathatavrindham-brasil.com.br\/site\/wp-json\/wp\/v2\/media?parent=323"}],"curies":[{"name":"wp","href":"https:\/\/api.w.org\/{rel}","templated":true}]}}