{"id":327,"date":"2020-08-20T16:05:37","date_gmt":"2020-08-20T19:05:37","guid":{"rendered":"http:\/\/tathatavrindham-brasil.com.br\/site\/?page_id=327"},"modified":"2020-09-22T12:19:20","modified_gmt":"2020-09-22T15:19:20","slug":"ensinamentos","status":"publish","type":"page","link":"https:\/\/tathatavrindham-brasil.com.br\/site\/ensinamentos\/","title":{"rendered":"Ensinamentos"},"content":{"rendered":"<section id=\"post-content\" role=\"main\">\n<div class=\"region region-content\">\n<div id=\"block-system-main\" class=\"block block-system\">\n<div class=\"content\">\n<div class=\"node node-page node-full\">\n<div class=\"field field-name-body field-type-text-with-summary field-label-hidden\">\n<div class=\"field-items\">\n<div class=\"field-item even\">\n<p style=\"text-align: justify;\"><img decoding=\"async\" loading=\"lazy\" class=\"alignleft wp-image-711\" src=\"http:\/\/tathatavrindham-brasil.com.br\/site\/wp-content\/uploads\/2020\/08\/sritathata_widget-300x257.jpg\" alt=\"ensinamentos Sri Tath\u0101ta\" width=\"344\" height=\"295\" srcset=\"https:\/\/tathatavrindham-brasil.com.br\/site\/wp-content\/uploads\/2020\/08\/sritathata_widget-300x257.jpg 300w, https:\/\/tathatavrindham-brasil.com.br\/site\/wp-content\/uploads\/2020\/08\/sritathata_widget.jpg 500w\" sizes=\"(max-width: 344px) 100vw, 344px\" \/>Todos os Seres buscam o Amor, a satisfa\u00e7\u00e3o e a felicidade. Deus \u00e9 Amor Eterno; Ele criou o Mundo por Amor e a partir do Amor. Compartilhar o Amor, viver com alegria, ver o esplendor Divino em todas as coisas e atingir a Realiza\u00e7\u00e3o Espiritual: este \u00e9 o objetivo da Cria\u00e7\u00e3o.<\/p>\n<p style=\"text-align: justify;\">Todo Ser Vivo tem a aspira\u00e7\u00e3o profunda de atingir o prop\u00f3sito para o qual ele foi criado. \u00c9 por isto que o homem n\u00e3o poder\u00e1 ser feliz de modo duradouro, nem acabar com a lista intermin\u00e1vel de malogros, enquanto ele n\u00e3o tiver compreendido isto. O Dharma \u00e9 o caminho a seguir para cumprir o prop\u00f3sito da nossa encarna\u00e7\u00e3o. A palavra Dharma significa a\u00e7\u00e3o justa, em harmonia com a ordem de todas as coisas. Aquele que segue o Dharma ser\u00e1 liberado dos sofrimentos e entrar\u00e1 em uma dimens\u00e3o de Vida completamente nova, cheia de Gra\u00e7as. A pr\u00e1tica do Dharma abre a porta de acesso \u00e0 Vida Divina e \u00e0 Felicidade permanente. Nossa exist\u00eancia como indiv\u00edduos, membros de uma fam\u00edlia, de uma sociedade e de uma na\u00e7\u00e3o entrar\u00e1 num processo de transforma\u00e7\u00e3o profunda at\u00e9 atingir caracter\u00edsticas Divinas, levando a Terra a se transformar aos poucos em um lugar de felicidade e celebra\u00e7\u00e3o.<\/p>\n<p style=\"text-align: justify;\"><strong>O CAMINHO LEVANDO AO ESTADO DE DIVINDADE COMPLETA<\/strong><\/p>\n<p style=\"text-align: justify;\">A evolu\u00e7\u00e3o \u00e9 uma lei da Natureza que n\u00e3o necessita esfor\u00e7o consciente&#8230; at\u00e9 chegar ao estado Humano. A M\u00e3e Natureza cuida da evolu\u00e7\u00e3o dos Animais, das Plantas e dos Diversos Elementos. Somente o homem possui o livre arb\u00edtrio; ele ent\u00e3o precisa fazer um esfor\u00e7o consciente para evoluir. Por isso \u00e9 muito importante dar-lhe a possibilidade de galgar o caminho do Dharma desde sua tenra inf\u00e2ncia. \u00c9 mais f\u00e1cil ajudar uma crian\u00e7a a desenvolver sua Consci\u00eancia antes que as paix\u00f5es e os desejos desordenados atinjam sua mente. O desenvolvimento da Consci\u00eancia, que lhe dar\u00e1 a possibilidade de compreender o verdadeiro sentido da Vida, se faz a partir da Energia C\u00f3smica que circula livremente nas crian\u00e7as pequenas. Ser\u00e1 necess\u00e1rio estar atento durante a escolaridade para que a crian\u00e7a seja capaz de integrar os conhecimentos das coisas do mundo juntamente com as realidades espirituais, verdadeiras raz\u00f5es dos movimentos deste mundo. Assim se desenvolver\u00e1 paralelamente na Alma da crian\u00e7a, a compreens\u00e3o interior e a intelig\u00eancia verdadeira.<\/p>\n<p style=\"text-align: justify;\">\u00c9 tamb\u00e9m este conhecimento integrado da realidade exterior e do processo de crescimento interior que permitir\u00e1 a constru\u00e7\u00e3o de uma Vida familiar e social satisfat\u00f3ria e feliz. Atrav\u00e9s da pr\u00e1tica do Dharma, come\u00e7ar\u00e3o a aparecer qualidades Divinas na Vida individual e familiar. Levando-nos a atingir o estado Humano-Divino (Vida Consciente) e criando o fermento da transforma\u00e7\u00e3o para a sociedade na qual vivemos e para nosso pa\u00eds. Os pa\u00edses ter\u00e3o um dia uma estrutura e um funcionamento em verdadeira harmonia com a ordem Divina. Pa\u00edses Divinos colaborar\u00e3o entre si e o mundo ser\u00e1 completamente transformado. \u00c9 realmente poss\u00edvel construir um mundo no qual a Vida seja felicidade infinita. A Vontade Divina nos convida hoje a fazermos parte desta miss\u00e3o c\u00f3smica.<\/p>\n<p style=\"text-align: justify;\"><strong>O CAMINHO DO MEIO<\/strong><\/p>\n<p style=\"text-align: justify;\">A maioria dos Seres Humanos considera o mundo vivido atrav\u00e9s dos sentidos como a realidade. Eles se contentam em buscar o prazer no mundo exterior e n\u00e3o se preocupam em buscar uma verdade maior que a do mundo material. Outra categoria de pessoas \u2013 sendo muitas buscando a espiritualidade \u2013 afirmam que o mundo no qual vivemos \u00e9 somente ilus\u00e3o e que somente Deus, ou Brahma, ou o Absoluto, existe realmente. Eles v\u00eam tudo que est\u00e1 ligado \u00e0 Vida material como um perigo para a Alma, e consideram que o \u00fanico modo de atingir a Realiza\u00e7\u00e3o Espiritual \u00e9 se retirando do mundo. Do ponto de vista do Caminho do Meio, ambos s\u00e3o pontos de vista extremos, que devem ser evitados. Segundo o Caminho do Meio, o mundo \u00e9 o sorriso de Deus e \u201cDeus\u201d \u00e9 a realidade sutil que penetra cada coisa, constituindo o pr\u00f3prio tecido do mundo. Para avan\u00e7ar no Caminho do Meio devemos ficar alinhados ao n\u00facleo inalter\u00e1vel e eterno do nosso Ser e ao mesmo tempo continuarmos a assumir nosso papel no grande movimento da Vida exterior. Muitos dos grandes mestres do passado preconizaram o Caminho do Meio. O Dharma de \u015ar\u012b Tath\u0101ta aprofunda, estende e renova ao mesmo tempo este ensinamento.<\/p>\n<\/div>\n<\/div>\n<\/div>\n<\/div>\n<\/div>\n<\/div>\n<\/div>\n<\/section>\n<aside id=\"sidebar\" class=\"sidebar clearfix\" role=\"complementary\">\n<div class=\"region region-sidebar-first\">\n<div id=\"block-block-28\" class=\"block block-block\">\n<div class=\"content\">\n<p>&nbsp;<\/p>\n<p>&nbsp;<\/p>\n<p>&nbsp;<\/p>\n<p>&nbsp;<\/p>\n<p>&nbsp;<\/p>\n<\/div>\n<\/div>\n<\/div>\n<\/aside>\n","protected":false},"excerpt":{"rendered":"<p>Todos os Seres buscam o Amor, a satisfa\u00e7\u00e3o e a felicidade. Deus \u00e9 Amor Eterno; Ele criou o Mundo por Amor e a partir do Amor. Compartilhar o Amor, viver com alegria, ver o esplendor Divino em todas as coisas<\/p>\n","protected":false},"author":1,"featured_media":328,"parent":0,"menu_order":0,"comment_status":"closed","ping_status":"closed","template":"","meta":[],"_links":{"self":[{"href":"https:\/\/tathatavrindham-brasil.com.br\/site\/wp-json\/wp\/v2\/pages\/327"}],"collection":[{"href":"https:\/\/tathatavrindham-brasil.com.br\/site\/wp-json\/wp\/v2\/pages"}],"about":[{"href":"https:\/\/tathatavrindham-brasil.com.br\/site\/wp-json\/wp\/v2\/types\/page"}],"author":[{"embeddable":true,"href":"https:\/\/tathatavrindham-brasil.com.br\/site\/wp-json\/wp\/v2\/users\/1"}],"replies":[{"embeddable":true,"href":"https:\/\/tathatavrindham-brasil.com.br\/site\/wp-json\/wp\/v2\/comments?post=327"}],"version-history":[{"count":10,"href":"https:\/\/tathatavrindham-brasil.com.br\/site\/wp-json\/wp\/v2\/pages\/327\/revisions"}],"predecessor-version":[{"id":877,"href":"https:\/\/tathatavrindham-brasil.com.br\/site\/wp-json\/wp\/v2\/pages\/327\/revisions\/877"}],"wp:featuredmedia":[{"embeddable":true,"href":"https:\/\/tathatavrindham-brasil.com.br\/site\/wp-json\/wp\/v2\/media\/328"}],"wp:attachment":[{"href":"https:\/\/tathatavrindham-brasil.com.br\/site\/wp-json\/wp\/v2\/media?parent=327"}],"curies":[{"name":"wp","href":"https:\/\/api.w.org\/{rel}","templated":true}]}}