{"id":373,"date":"2020-08-21T12:59:13","date_gmt":"2020-08-21T15:59:13","guid":{"rendered":"http:\/\/tathatavrindham-brasil.com.br\/site\/?page_id=373"},"modified":"2020-08-25T11:08:59","modified_gmt":"2020-08-25T14:08:59","slug":"filosofia","status":"publish","type":"page","link":"https:\/\/tathatavrindham-brasil.com.br\/site\/filosofia\/","title":{"rendered":"Filosofia"},"content":{"rendered":"<p style=\"text-align: justify;\"><strong>\u015ar\u012b Tath\u0101ta<\/strong> est\u00e1 conectado \u00e0 grande <strong>Tradi\u00e7\u00e3o V\u00e9dica Indiana<\/strong> de cujas origens ele \u00e9 o continuador. O conceito essencial que ele apresenta \u00e9 o de <strong>Dharma<\/strong>. O Dharma pode ser descrito como a maneira justa de Viver levando \u00e0 eleva\u00e7\u00e3o gradual da Consci\u00eancia.<\/p>\n<p><img decoding=\"async\" loading=\"lazy\" class=\"aligncenter size-full wp-image-510\" src=\"http:\/\/tathatavrindham-brasil.com.br\/site\/wp-content\/uploads\/2020\/08\/sri-tathata-philosophie.jpg\" alt=\"\" width=\"958\" height=\"350\" srcset=\"https:\/\/tathatavrindham-brasil.com.br\/site\/wp-content\/uploads\/2020\/08\/sri-tathata-philosophie.jpg 958w, https:\/\/tathatavrindham-brasil.com.br\/site\/wp-content\/uploads\/2020\/08\/sri-tathata-philosophie-300x110.jpg 300w, https:\/\/tathatavrindham-brasil.com.br\/site\/wp-content\/uploads\/2020\/08\/sri-tathata-philosophie-768x281.jpg 768w\" sizes=\"(max-width: 958px) 100vw, 958px\" \/><\/p>\n<p style=\"text-align: justify;\">Este caminho \u00e9 feito de etapas sucessivas: o n\u00edvel marcado pelas tend\u00eancias animais, o n\u00edvel plenamente Humano, caracterizado pelo surgimento do discernimento e uma melhor considera\u00e7\u00e3o do outro; o n\u00edvel do homem nobre, que vive de acordo com as Leis C\u00f3smicas e se preocupa com seus semelhantes; em \u00faltima an\u00e1lise, o n\u00edvel de realiza\u00e7\u00e3o ou Consci\u00eancia Universal. Os <strong>Dharma S\u016btras<\/strong> explicam as etapas que conduzem os Seres Humanos a essas alturas.<\/p>\n<p style=\"text-align: justify;\">Portanto, o ensino do <strong>Dharma<\/strong> \u00e9 para todo Ser Humano, onde quer que esteja. Cada um \u00e9 convidado a se elevar gradativamente, a se transformar positivamente, n\u00e3o s\u00f3 pelas pr\u00e1ticas Espirituais regulares, mas tamb\u00e9m por um modo de vida levando em conta as Leis C\u00f3smicas, ou seja: absten\u00e7\u00e3o do que faz mal a si ou aos outros, Esp\u00edrito de Coopera\u00e7\u00e3o e Servi\u00e7o, Vida Familiar Harmoniosa, etc. A aten\u00e7\u00e3o que todos devem prestar ao seu modo de Vida \u00e9, sem d\u00favida, uma caracter\u00edstica importante do ensinamento de <strong>\u015ar\u012b Tath\u0101ta<\/strong>: se a Consci\u00eancia influencia a Vida, reciprocamente \u00e9 a corre\u00e7\u00e3o no modo de conduzir a Vida que permite a progress\u00e3o da Consci\u00eancia.<\/p>\n","protected":false},"excerpt":{"rendered":"<p>\u015ar\u012b Tath\u0101ta est\u00e1 conectado \u00e0 grande Tradi\u00e7\u00e3o V\u00e9dica Indiana de cujas origens ele \u00e9 o continuador. O conceito essencial que ele apresenta \u00e9 o de Dharma. O Dharma pode ser descrito como a maneira justa de Viver levando \u00e0 eleva\u00e7\u00e3o<\/p>\n","protected":false},"author":1,"featured_media":0,"parent":0,"menu_order":0,"comment_status":"closed","ping_status":"closed","template":"","meta":[],"_links":{"self":[{"href":"https:\/\/tathatavrindham-brasil.com.br\/site\/wp-json\/wp\/v2\/pages\/373"}],"collection":[{"href":"https:\/\/tathatavrindham-brasil.com.br\/site\/wp-json\/wp\/v2\/pages"}],"about":[{"href":"https:\/\/tathatavrindham-brasil.com.br\/site\/wp-json\/wp\/v2\/types\/page"}],"author":[{"embeddable":true,"href":"https:\/\/tathatavrindham-brasil.com.br\/site\/wp-json\/wp\/v2\/users\/1"}],"replies":[{"embeddable":true,"href":"https:\/\/tathatavrindham-brasil.com.br\/site\/wp-json\/wp\/v2\/comments?post=373"}],"version-history":[{"count":9,"href":"https:\/\/tathatavrindham-brasil.com.br\/site\/wp-json\/wp\/v2\/pages\/373\/revisions"}],"predecessor-version":[{"id":754,"href":"https:\/\/tathatavrindham-brasil.com.br\/site\/wp-json\/wp\/v2\/pages\/373\/revisions\/754"}],"wp:attachment":[{"href":"https:\/\/tathatavrindham-brasil.com.br\/site\/wp-json\/wp\/v2\/media?parent=373"}],"curies":[{"name":"wp","href":"https:\/\/api.w.org\/{rel}","templated":true}]}}