{"id":375,"date":"2020-08-21T12:59:40","date_gmt":"2020-08-21T15:59:40","guid":{"rendered":"http:\/\/tathatavrindham-brasil.com.br\/site\/?page_id=375"},"modified":"2020-09-22T12:25:35","modified_gmt":"2020-09-22T15:25:35","slug":"iniciacoes","status":"publish","type":"page","link":"https:\/\/tathatavrindham-brasil.com.br\/site\/iniciacoes\/","title":{"rendered":"Inicia\u00e7\u00f5es"},"content":{"rendered":"<p><img decoding=\"async\" loading=\"lazy\" class=\"aligncenter size-full wp-image-515\" src=\"http:\/\/tathatavrindham-brasil.com.br\/site\/wp-content\/uploads\/2020\/08\/sri-tathata-initiations.jpg\" alt=\"\" width=\"900\" height=\"600\" srcset=\"https:\/\/tathatavrindham-brasil.com.br\/site\/wp-content\/uploads\/2020\/08\/sri-tathata-initiations.jpg 900w, https:\/\/tathatavrindham-brasil.com.br\/site\/wp-content\/uploads\/2020\/08\/sri-tathata-initiations-300x200.jpg 300w, https:\/\/tathatavrindham-brasil.com.br\/site\/wp-content\/uploads\/2020\/08\/sri-tathata-initiations-768x512.jpg 768w\" sizes=\"(max-width: 900px) 100vw, 900px\" \/><\/p>\n<p><strong>As inicia\u00e7\u00f5es dadas por \u015ar\u012b Tath\u0101ta<\/strong><\/p>\n<p>\u015ar\u012b Tath\u0101ta nos explica que o Ser Humano \u00e9, aos olhos da M\u00e3e Divina, o Ser mais nobre da Cria\u00e7\u00e3o. Esta nobreza vem da nossa capacidade de conectar-nos com a Luz Divina e trazer esta Luz para n\u00f3s mesmos e para Terra, para distribu\u00ed-la a toda \u00e0 Cria\u00e7\u00e3o.<\/p>\n<p>Esta nobreza vem do fato que \u00e9 dado ao Ser Humano a possibilidade de atingir a realiza\u00e7\u00e3o em todos os n\u00edveis do ser at\u00e9 atingir a Imortalidade.<\/p>\n<p>O objetivo da Natureza \u00e9 a Divina perfei\u00e7\u00e3o.<\/p>\n<p>Nos tempos antigos, os\u00a0<em>Rishis<\/em> e os mestres transmitiam o conhecimento Sagrado de\u00a0<em>\u0101tmavidya<\/em> (m\u00e9todo que \u00e9 um caminho direto ao conhecimento da Alma) aos disc\u00edpulos que tinham crescido perto deles e que tinham integrado os princ\u00edpios e o modo de Vida Dharmico. Quando o Dharma come\u00e7ou a declinar sobre a Terra, este grande conhecimento come\u00e7ou a desaparecer.<\/p>\n<p>Para restabelecer o conhecimento Sagrado do Dharma sobre a Terra \u00e9 necess\u00e1rio transformar a Mente Humana em Consci\u00eancia Divina, e isto s\u00f3 pode ser feito atrav\u00e9s de <em>\u0101tmavidya.<\/em><\/p>\n<p>\u00c9 com este objetivo que Sri Tath\u0101ta da estas inicia\u00e7\u00f5es:<\/p>\n<ul>\n<li style=\"text-align: justify;\"><strong>Anugraha Sn\u0101na:<\/strong> \u00c9 uma pr\u00e9-inicia\u00e7\u00e3o, aberta a todos aqueles que est\u00e3o verdadeiramente interessados na evolu\u00e7\u00e3o pessoal. Com esta pr\u00e9-inicia\u00e7\u00e3o \u00e9 transmitida uma pr\u00e1tica Espiritual di\u00e1ria simples. <strong>Anugraha Sn\u0101na<\/strong> \u00e9 indicado para pessoas que ainda n\u00e3o est\u00e3o prontas para se tornarem vegetarianas, parar de fumar ou parar de ingerir bebidas alco\u00f3licas. A pr\u00e1tica relacionada a <strong>Anugraha Sn\u0101na<\/strong> d\u00e1 a for\u00e7a para cumprir as condi\u00e7\u00f5es solicitadas e, quando chegar a hora, poder receber <strong>Dharma Sn\u0101na<\/strong>. <strong>Anugraha Sn\u0101na<\/strong> \u00e9 dado na \u00cdndia ou por <strong>Tath\u0101ta Maitreya<\/strong> durante uma viagem da delega\u00e7\u00e3o Indiana na Europa.<\/li>\n<\/ul>\n<ul>\n<li style=\"text-align: justify;\"><strong>Dharma Sn\u0101na:<\/strong> Significa Batismo de Purifica\u00e7\u00e3o. \u00c9 uma grande descida da Energia Divina. \u00c9 a primeira inicia\u00e7\u00e3o real do buscador que deseja viver uma Vida nobre e come\u00e7ar o caminho que leva aos n\u00edveis mais elevados de Consci\u00eancia. Com a pr\u00e1tica di\u00e1ria que est\u00e1 ligada \u00e0 inicia\u00e7\u00e3o, o iniciado ser\u00e1 capaz de manter a conex\u00e3o com a Energia Divina e assim progredir rapidamente, tanto em sua Vida Espiritual como em sua Vida Material. No dia da inicia\u00e7\u00e3o, o futuro iniciado compromete-se formalmente a comer de forma totalmente vegetariana e a renunciar completamente ao fumo, ao \u00e1lcool e a outros produtos t\u00f3xicos. (Dieta vegetariana significa dieta sem carne, peixe ou ovos; no entanto, produtos l\u00e1cteos podem ser consumidos). <strong>Dharma Sn\u0101na<\/strong> \u00e9 dado na \u00cdndia ou por <strong>Tath\u0101ta Maitreya<\/strong> durante uma viagem da delega\u00e7\u00e3o Indiana na Europa.<\/li>\n<\/ul>\n<ul>\n<li style=\"text-align: justify;\"><strong>Agni Sn\u0101na:<\/strong> Os aspirantes a esta inicia\u00e7\u00e3o devem ter recebido <strong>Dharma Sn\u0101na<\/strong> \u00e0 pelo menos seis meses, cumprido seus compromissos e praticado sua <strong>Sadhana<\/strong> (pr\u00e1tica Espiritual di\u00e1ria) de maneira s\u00e9ria.<br \/>\nDurante a inicia\u00e7\u00e3o <strong>Agni Sn\u0101na<\/strong>, o ser interior do aspirante recebe de <strong>\u015ar\u012b Tath\u0101ta<\/strong> a conex\u00e3o completa com o <strong>Supremo<\/strong>.<br \/>\nO iniciado aprende gradativamente a trazer a si, por meio da pr\u00e1tica Espiritual, a Luz dos Planos Superiores e a difund\u00ed-la em todos os seus corpos, o que gradualmente ocasiona uma bela transforma\u00e7\u00e3o.<br \/>\nDa mesma forma, ele entende cada vez mais o prop\u00f3sito profundo de sua Vida e gradualmente entra na Vida Divina.<br \/>\nFinalmente, pode contribuir para a transforma\u00e7\u00e3o positiva do Mundo.<br \/>\n<strong>\u015ar\u012b Tath\u0101ta<\/strong> (que pode ser substitu\u00eddo por <strong>Tath\u0101ta Maitreya<\/strong>) d\u00e1 <strong>Agni Sn\u0101na<\/strong> na \u00cdndia em datas predeterminadas, uma por ano.<\/li>\n<\/ul>\n","protected":false},"excerpt":{"rendered":"<p>As inicia\u00e7\u00f5es dadas por \u015ar\u012b Tath\u0101ta \u015ar\u012b Tath\u0101ta nos explica que o Ser Humano \u00e9, aos olhos da M\u00e3e Divina, o Ser mais nobre da Cria\u00e7\u00e3o. Esta nobreza vem da nossa capacidade de conectar-nos com a Luz Divina e trazer<\/p>\n","protected":false},"author":1,"featured_media":807,"parent":0,"menu_order":0,"comment_status":"closed","ping_status":"closed","template":"","meta":[],"_links":{"self":[{"href":"https:\/\/tathatavrindham-brasil.com.br\/site\/wp-json\/wp\/v2\/pages\/375"}],"collection":[{"href":"https:\/\/tathatavrindham-brasil.com.br\/site\/wp-json\/wp\/v2\/pages"}],"about":[{"href":"https:\/\/tathatavrindham-brasil.com.br\/site\/wp-json\/wp\/v2\/types\/page"}],"author":[{"embeddable":true,"href":"https:\/\/tathatavrindham-brasil.com.br\/site\/wp-json\/wp\/v2\/users\/1"}],"replies":[{"embeddable":true,"href":"https:\/\/tathatavrindham-brasil.com.br\/site\/wp-json\/wp\/v2\/comments?post=375"}],"version-history":[{"count":11,"href":"https:\/\/tathatavrindham-brasil.com.br\/site\/wp-json\/wp\/v2\/pages\/375\/revisions"}],"predecessor-version":[{"id":878,"href":"https:\/\/tathatavrindham-brasil.com.br\/site\/wp-json\/wp\/v2\/pages\/375\/revisions\/878"}],"wp:featuredmedia":[{"embeddable":true,"href":"https:\/\/tathatavrindham-brasil.com.br\/site\/wp-json\/wp\/v2\/media\/807"}],"wp:attachment":[{"href":"https:\/\/tathatavrindham-brasil.com.br\/site\/wp-json\/wp\/v2\/media?parent=375"}],"curies":[{"name":"wp","href":"https:\/\/api.w.org\/{rel}","templated":true}]}}