{"id":385,"date":"2020-08-21T13:02:38","date_gmt":"2020-08-21T16:02:38","guid":{"rendered":"http:\/\/tathatavrindham-brasil.com.br\/site\/?page_id=385"},"modified":"2020-08-25T11:17:19","modified_gmt":"2020-08-25T14:17:19","slug":"dharma-sutra","status":"publish","type":"page","link":"https:\/\/tathatavrindham-brasil.com.br\/site\/dharma-sutra\/","title":{"rendered":"Dharma S\u016btra"},"content":{"rendered":"<p style=\"text-align: justify;\"><img decoding=\"async\" loading=\"lazy\" class=\"alignleft wp-image-519\" src=\"http:\/\/tathatavrindham-brasil.com.br\/site\/wp-content\/uploads\/2020\/08\/sri-tathata-dharma-sutra-300x225.jpg\" alt=\"\" width=\"486\" height=\"365\" srcset=\"https:\/\/tathatavrindham-brasil.com.br\/site\/wp-content\/uploads\/2020\/08\/sri-tathata-dharma-sutra-300x225.jpg 300w, https:\/\/tathatavrindham-brasil.com.br\/site\/wp-content\/uploads\/2020\/08\/sri-tathata-dharma-sutra-768x577.jpg 768w, https:\/\/tathatavrindham-brasil.com.br\/site\/wp-content\/uploads\/2020\/08\/sri-tathata-dharma-sutra.jpg 877w\" sizes=\"(max-width: 486px) 100vw, 486px\" \/>O <strong>Dharma S\u016btra<\/strong>, uma colet\u00e2nea de 50 aforismas, cont\u00e9m a ess\u00eancia da filosofia de <strong>\u015ar\u012b Tath\u0101ta<\/strong>. Eles n\u00e3o traduzem uma vis\u00e3o pessoal, mas sim uma revela\u00e7\u00e3o da Fonte Suprema que <strong>\u015ar\u012b Tath\u0101ta<\/strong> recebeu ap\u00f3s muitas ora\u00e7\u00f5es a esse respeito.<\/p>\n<p style=\"text-align: justify;\">O pr\u00f3prio <strong>\u015ar\u012b Tath\u0101ta<\/strong> transmitiu o <strong>Dharma S\u016btra<\/strong> ao Mundo em Sarnath (\u00cdndia) em 21 de janeiro de 1991.<\/p>\n<p style=\"text-align: justify;\">Os 50 aforismos que o comp\u00f5em revelam que a profunda sede interior do Ser Humano atende ao pr\u00f3prio objetivo da Natureza: que todos os Seres e Todo o Universo se tornem Divinos. O papel do indiv\u00edduo neste processo grandioso \u00e9 crucial, e os <strong>Dharma S\u016btras<\/strong> fornecem as chaves para a eleva\u00e7\u00e3o daqueles que o desejam. Ent\u00e3o, a Vida conduzida em Consci\u00eancia por grupos de pioneiros leva ao desdobramento da evolu\u00e7\u00e3o, por meio de v\u00e1rios n\u00edveis intermedi\u00e1rios, em n\u00edvel global.<\/p>\n<p style=\"text-align: justify;\">Um pr\u00f3logo extremamente comovente onde os Seres Humanos s\u00e3o chamados de &#8220;Filhos da Imortalidade&#8221;, bem como uma magn\u00edfica ora\u00e7\u00e3o pelo <strong>Dharma<\/strong> precedem os <strong>Dharmas S\u016btras<\/strong>.<\/p>\n<p style=\"text-align: justify;\">Aqui est\u00e3o alguns S\u016btras:<\/p>\n<p style=\"text-align: justify; padding-left: 40px;\"><strong>3.<\/strong> p\u016br\u1e47asya divyatvasy\u0101rhataiva tasya \u015bre\u1e63\u1e6dhat\u0101 ||<br \/>\nA nobreza do Ser Humano reside em seu potencial a atingir o estado de Divindade completa.<\/p>\n<p style=\"text-align: justify; padding-left: 40px;\"><strong>4.<\/strong> divyam p\u016br\u1e47atvameva prak\u1e5bter lak\u1e63yam ||<br \/>\nO objetivo da Natureza \u00e9 a perfei\u00e7\u00e3o Divina.<\/p>\n<p style=\"text-align: justify; padding-left: 40px;\"><strong>5.<\/strong> prak\u1e5bti lak\u1e63ya bodha p\u016brvaka\u1e43 j\u012bvitavya\u1e43 m\u0101navena ||<br \/>\nOs Seres Humanos devem viver com a Consci\u00eancia do prop\u00f3sito da Natureza.<\/p>\n<p style=\"text-align: justify; padding-left: 40px;\"><strong>48.<\/strong> divy\u0101nsamud\u0101y\u0101navalambya yad\u0101 divy\u0101ni r\u0101\u1e63\u1e6dr\u0101\u1e47i samutpadyante tad\u0101 bh\u016bma\u1e47\u1e0dala\u1e43 divya loko bhavati ||<br \/>\nQuando Na\u00e7\u00f5es Divinas baseadas em sociedades Divinas forem estabelecidas, a Terra se tornar\u00e1 um Mundo Divino.<\/p>\n","protected":false},"excerpt":{"rendered":"<p>O Dharma S\u016btra, uma colet\u00e2nea de 50 aforismas, cont\u00e9m a ess\u00eancia da filosofia de \u015ar\u012b Tath\u0101ta. Eles n\u00e3o traduzem uma vis\u00e3o pessoal, mas sim uma revela\u00e7\u00e3o da Fonte Suprema que \u015ar\u012b Tath\u0101ta recebeu ap\u00f3s muitas ora\u00e7\u00f5es a esse respeito. O<\/p>\n","protected":false},"author":1,"featured_media":0,"parent":0,"menu_order":0,"comment_status":"closed","ping_status":"closed","template":"","meta":[],"_links":{"self":[{"href":"https:\/\/tathatavrindham-brasil.com.br\/site\/wp-json\/wp\/v2\/pages\/385"}],"collection":[{"href":"https:\/\/tathatavrindham-brasil.com.br\/site\/wp-json\/wp\/v2\/pages"}],"about":[{"href":"https:\/\/tathatavrindham-brasil.com.br\/site\/wp-json\/wp\/v2\/types\/page"}],"author":[{"embeddable":true,"href":"https:\/\/tathatavrindham-brasil.com.br\/site\/wp-json\/wp\/v2\/users\/1"}],"replies":[{"embeddable":true,"href":"https:\/\/tathatavrindham-brasil.com.br\/site\/wp-json\/wp\/v2\/comments?post=385"}],"version-history":[{"count":16,"href":"https:\/\/tathatavrindham-brasil.com.br\/site\/wp-json\/wp\/v2\/pages\/385\/revisions"}],"predecessor-version":[{"id":756,"href":"https:\/\/tathatavrindham-brasil.com.br\/site\/wp-json\/wp\/v2\/pages\/385\/revisions\/756"}],"wp:attachment":[{"href":"https:\/\/tathatavrindham-brasil.com.br\/site\/wp-json\/wp\/v2\/media?parent=385"}],"curies":[{"name":"wp","href":"https:\/\/api.w.org\/{rel}","templated":true}]}}