{"id":387,"date":"2020-08-21T13:04:07","date_gmt":"2020-08-21T16:04:07","guid":{"rendered":"http:\/\/tathatavrindham-brasil.com.br\/site\/?page_id=387"},"modified":"2020-08-27T22:00:08","modified_gmt":"2020-08-28T01:00:08","slug":"dharma-pi%e1%b9%adha-shakti-pitha","status":"publish","type":"page","link":"https:\/\/tathatavrindham-brasil.com.br\/site\/dharma-pi%e1%b9%adha-shakti-pitha\/","title":{"rendered":"Dharma P\u012b\u1e6dha \/ Shakti P\u012btha"},"content":{"rendered":"<p>&nbsp;<\/p>\n<p><span style=\"font-size: 14pt; font-family: arial, helvetica, sans-serif;\"><strong>Dharma P\u012b\u1e6dha<\/strong><\/span><\/p>\n<p style=\"text-align: justify;\"><span style=\"font-family: arial, helvetica, sans-serif;\"><strong><img decoding=\"async\" loading=\"lazy\" class=\"aligncenter size-large wp-image-529\" src=\"http:\/\/tathatavrindham-brasil.com.br\/site\/wp-content\/uploads\/2020\/08\/sri-tathata-dharma-peetha-1024x546.jpg\" alt=\"\" width=\"720\" height=\"384\" srcset=\"https:\/\/tathatavrindham-brasil.com.br\/site\/wp-content\/uploads\/2020\/08\/sri-tathata-dharma-peetha-1024x546.jpg 1024w, https:\/\/tathatavrindham-brasil.com.br\/site\/wp-content\/uploads\/2020\/08\/sri-tathata-dharma-peetha-300x160.jpg 300w, https:\/\/tathatavrindham-brasil.com.br\/site\/wp-content\/uploads\/2020\/08\/sri-tathata-dharma-peetha-768x410.jpg 768w, https:\/\/tathatavrindham-brasil.com.br\/site\/wp-content\/uploads\/2020\/08\/sri-tathata-dharma-peetha.jpg 1140w\" sizes=\"(max-width: 720px) 100vw, 720px\" \/><\/strong><\/span><\/p>\n<p style=\"text-align: justify;\"><span style=\"font-family: arial, helvetica, sans-serif;\"><strong>Dharma P\u012b\u1e6dha<\/strong> \u00e9 um templo implantado por \u015ar\u012b Tath\u0101ta\u00a0para difundir a<strong> Luz do Dharma<\/strong> <strong>sobre a Terra<\/strong>, guiando a Humanidade em sua evolu\u00e7\u00e3o.<\/span><\/p>\n<p style=\"text-align: justify;\"><span style=\"font-family: arial, helvetica, sans-serif;\">Estabelecido em <strong>Kollur no Karnataka<\/strong> (Sul da \u00cdndia), um lugar de elevada voca\u00e7\u00e3o Espiritual com a presen\u00e7a do <strong>Templo de Sri Mookambika<\/strong> onde peregrinos v\u00eam aos milhares para receber o Darshan (ben\u00e7\u00e3o) da M\u00e3e Divina e prestar homenagem ao grande s\u00e1bio<strong> Adi Shankaracharya<\/strong> que ali realizou seu Ascetismo.<\/span><\/p>\n<p style=\"text-align: justify;\"><span style=\"font-family: arial, helvetica, sans-serif;\">Sua forma circular simboliza a Natureza Eterna do Universo. Em seu centro est\u00e1 erguida a pedra ou P\u012b\u1e6dha, <strong>recept\u00e1culo da<\/strong> <strong>Luz Divina<\/strong> que flui dos Planos Superiores para a Terra.<\/span><\/p>\n<p style=\"text-align: justify;\"><span style=\"font-family: arial, helvetica, sans-serif;\">Foi consagrado em 6 de julho de 2006 por \u015ar\u012b Tath\u0101ta\u00a0ap\u00f3s uma sucess\u00e3o de cerim\u00f4nias da Tradi\u00e7\u00e3o V\u00e9dica que duraram v\u00e1rios dias. Foi o coroamento de um grande esfor\u00e7o coletivo ap\u00f3s dez anos de trabalho nos Planos F\u00edsico e Sutil.<\/span><\/p>\n<p style=\"text-align: justify;\"><span style=\"font-family: arial, helvetica, sans-serif;\"><strong>Dharma P\u012b\u1e6dha<\/strong> \u00e9 um Templo de Sil\u00eancio e Medita\u00e7\u00e3o. Todos s\u00e3o convidados a conectar-se com a Presen\u00e7a Divina e receber a For\u00e7a e a Orienta\u00e7\u00e3o de que necessitam para seguir sua senda. Em sua autobiografia, <strong>Dharmayanam, \u015ar\u012b Tath\u0101ta<\/strong>\u00a0explica: <em>\u201cNo Dharma P\u012b\u1e6dha, todas as diferentes facetas do Divino, todos os aspectos do Absoluto se unem. Voc\u00ea n\u00e3o participar\u00e1 de rituais ou outras formas tradicionais de adora\u00e7\u00e3o, como geralmente se encontra nos templos (indianos), porque n\u00e3o \u00e9 dedicado a nenhuma Divindade em particular: a grande Presen\u00e7a do Dharma P\u012b\u1e6dha assume, para cada aspirante espiritual, a qualidade espec\u00edfica que ele busca nele. Todos os nomes e todas as formas pertencem a ele, mas tamb\u00e9m transcende todos os nomes e todas as formas para n\u00e3o ser nada mais do que o formid\u00e1vel pilar de Fogo que n\u00e3o tem origem nem fim. &#8220;<\/em><\/span><\/p>\n<p style=\"text-align: justify;\"><span style=\"font-family: arial, helvetica, sans-serif;\">O <strong>Dharma P\u012b\u1e6dha<\/strong> \u00e9 uma grande contribui\u00e7\u00e3o de \u015ar\u012b Tath\u0101ta\u00a0para a Humanidade. \u00c9 um Farol Universal e um ref\u00fagio para o Mundo.<\/span><\/p>\n<p>&nbsp;<\/p>\n<p><span style=\"font-size: 14pt; font-family: arial, helvetica, sans-serif;\"><strong>Shakti P\u012b\u1e6dha<\/strong><\/span><\/p>\n<p><span style=\"font-family: arial, helvetica, sans-serif;\"><img decoding=\"async\" loading=\"lazy\" class=\"aligncenter size-large wp-image-625\" src=\"http:\/\/tathatavrindham-brasil.com.br\/site\/wp-content\/uploads\/2020\/08\/ShaktiPitha-1024x576.jpg\" alt=\"Shakti Pitha\" width=\"720\" height=\"405\" srcset=\"https:\/\/tathatavrindham-brasil.com.br\/site\/wp-content\/uploads\/2020\/08\/ShaktiPitha-1024x576.jpg 1024w, https:\/\/tathatavrindham-brasil.com.br\/site\/wp-content\/uploads\/2020\/08\/ShaktiPitha-300x169.jpg 300w, https:\/\/tathatavrindham-brasil.com.br\/site\/wp-content\/uploads\/2020\/08\/ShaktiPitha-768x432.jpg 768w, https:\/\/tathatavrindham-brasil.com.br\/site\/wp-content\/uploads\/2020\/08\/ShaktiPitha.jpg 1168w\" sizes=\"(max-width: 720px) 100vw, 720px\" \/><\/span><\/p>\n<p style=\"text-align: justify;\"><span style=\"font-family: arial, helvetica, sans-serif;\">O <strong>Shakti P\u012b\u1e6dha<\/strong> \u00e9 um Templo <strong>dedicado \u00e0<\/strong> <strong>M\u00e3e Divina<\/strong>. Difundindo uma Energia ao mesmo tempo suave e possante, a <strong>Energia da M\u00e3e<\/strong>, ele vem completar o trabalho que \u015ar\u012b Tath\u0101ta\u00a0iniciou com o <strong>Dharma P\u012btha<\/strong>, que representa a <strong>Energia do Pai<\/strong>.<\/span><br \/>\n<span style=\"font-family: arial, helvetica, sans-serif;\">Constru\u00eddo em Varishtapuri no Ashram do local de nascimento de \u015ar\u012b Tath\u0101ta, no Kerala (Sul da \u00cdndia), ele foi inaugurado em 2019.<\/span><\/p>\n","protected":false},"excerpt":{"rendered":"<p>&nbsp; Dharma P\u012b\u1e6dha Dharma P\u012b\u1e6dha \u00e9 um templo implantado por \u015ar\u012b Tath\u0101ta\u00a0para difundir a Luz do Dharma sobre a Terra, guiando a Humanidade em sua evolu\u00e7\u00e3o. Estabelecido em Kollur no Karnataka (Sul da \u00cdndia), um lugar de elevada voca\u00e7\u00e3o Espiritual<\/p>\n","protected":false},"author":1,"featured_media":0,"parent":0,"menu_order":0,"comment_status":"closed","ping_status":"closed","template":"","meta":[],"_links":{"self":[{"href":"https:\/\/tathatavrindham-brasil.com.br\/site\/wp-json\/wp\/v2\/pages\/387"}],"collection":[{"href":"https:\/\/tathatavrindham-brasil.com.br\/site\/wp-json\/wp\/v2\/pages"}],"about":[{"href":"https:\/\/tathatavrindham-brasil.com.br\/site\/wp-json\/wp\/v2\/types\/page"}],"author":[{"embeddable":true,"href":"https:\/\/tathatavrindham-brasil.com.br\/site\/wp-json\/wp\/v2\/users\/1"}],"replies":[{"embeddable":true,"href":"https:\/\/tathatavrindham-brasil.com.br\/site\/wp-json\/wp\/v2\/comments?post=387"}],"version-history":[{"count":15,"href":"https:\/\/tathatavrindham-brasil.com.br\/site\/wp-json\/wp\/v2\/pages\/387\/revisions"}],"predecessor-version":[{"id":834,"href":"https:\/\/tathatavrindham-brasil.com.br\/site\/wp-json\/wp\/v2\/pages\/387\/revisions\/834"}],"wp:attachment":[{"href":"https:\/\/tathatavrindham-brasil.com.br\/site\/wp-json\/wp\/v2\/media?parent=387"}],"curies":[{"name":"wp","href":"https:\/\/api.w.org\/{rel}","templated":true}]}}