{"id":391,"date":"2020-08-21T13:05:15","date_gmt":"2020-08-21T16:05:15","guid":{"rendered":"http:\/\/tathatavrindham-brasil.com.br\/site\/?page_id=391"},"modified":"2020-08-27T22:03:03","modified_gmt":"2020-08-28T01:03:03","slug":"rituais-para-humanidade","status":"publish","type":"page","link":"https:\/\/tathatavrindham-brasil.com.br\/site\/rituais-para-humanidade\/","title":{"rendered":"Rituais para Humanidade"},"content":{"rendered":"<p>&nbsp;<\/p>\n<p style=\"text-align: justify;\"><strong>\u015ar\u012b Tath\u0101ta<\/strong> liderou v\u00e1rios <strong>\u201cDharmas\u016bya Mah\u0101y\u0101ga\u201d<\/strong>: em 1999, 2002, 2009 e 2014<\/p>\n<p><img decoding=\"async\" loading=\"lazy\" class=\"aligncenter size-full wp-image-628\" src=\"http:\/\/tathatavrindham-brasil.com.br\/site\/wp-content\/uploads\/2020\/08\/rituais2.jpg\" alt=\"Rituais para Humanidade\" width=\"100%\" height=\"\" srcset=\"https:\/\/tathatavrindham-brasil.com.br\/site\/wp-content\/uploads\/2020\/08\/rituais2.jpg 666w, https:\/\/tathatavrindham-brasil.com.br\/site\/wp-content\/uploads\/2020\/08\/rituais2-300x179.jpg 300w\" sizes=\"(max-width: 666px) 100vw, 666px\" \/><\/p>\n<p style=\"text-align: justify;\">O evento de 2014 aconteceu em Palakkad, no estado de Kerala (Sul da \u00cdndia), de 6 a 12 de fevereiro de 2014 e teve um impacto \u00fanico. Mais de um milh\u00e3o de pessoas vieram receber a b\u00ean\u00e7\u00e3o da poderosa cerim\u00f4nia V\u00e9dica. Mil ocidentais participaram do evento no local, assim como muitas personalidades ocidentais e indianas. Toda a cerim\u00f4nia foi transmitida pela internet em tempo real permitindo ser assistido fora das fronteiras. Os rituais foram realizados por 36 Ritvik (oficiantes) e 10.008 pessoas de boa vontade ofereceram seu total apoio.<\/p>\n<p>&nbsp;<\/p>\n<p style=\"text-align: justify;\"><strong>O que \u00e9 um Dharmas\u016bya Mah\u0101y\u0101ga?<\/strong><\/p>\n<p style=\"text-align: justify;\">Um <strong>Mah\u0101y\u0101ga<\/strong> grande <strong>\u201cY\u0101ga\u201d<\/strong>. <strong>Yaga<\/strong> \u00e9 um processo de oferendas ao Fogo Sagrado acompanhado pela recita\u00e7\u00e3o de Hinos V\u00e9dicos. \u00c9 um conjunto de rituais que foi codificado na Era V\u00e9dica. Um <strong>Mahayaga<\/strong> ocorre quando um s\u00e1bio e as autoridades temporais de um pa\u00eds concordam com a necessidade de reequilibrar as For\u00e7as da Natureza e da Mente Humana. Essa converg\u00eancia do Espiritual e do temporal d\u00e1 ao <strong>Mahayaga<\/strong> um raro poder de influenciar positivamente o Bem-Estar da Humanidade.<br \/>\n<strong>Dharmas\u016bya<\/strong> significa literalmente <strong>&#8220;a favor do Dharma&#8221;<\/strong>. Na Tradi\u00e7\u00e3o Indiana, \u00e9 comum que um grande n\u00famero de pessoas venha em peregrina\u00e7\u00e3o para se unir \u00e0s suas inten\u00e7\u00f5es, honrar a presen\u00e7a Sagrada e receber sua B\u00ean\u00e7\u00e3o ou Darshan.<\/p>\n<p>&nbsp;<\/p>\n<p style=\"text-align: justify;\"><strong>\u015ar\u012b Tath\u0101ta liderou o Vi\u015bva \u015a\u0101nti Yaj\u00f1a em 2011<\/strong><\/p>\n<p style=\"text-align: justify;\">Em agosto de 2011, <strong>\u015ar\u012b Tath\u0101ta<\/strong> liderou o <strong>Vi\u015bva \u015a\u0101nti Yaj\u00f1a<\/strong> (grande ritual para a Paz-Harmonia Universal), no Jardin de Safran em Varaire &#8211; Fran\u00e7a por 5 dias. Mil pessoas por dia, vindas da Fran\u00e7a, mas tamb\u00e9m de outros pa\u00edses, participaram das cerim\u00f4nias. Nos dias 7 e 8 de agosto, personalidades cient\u00edficas, religiosas e espirituais e representantes de organiza\u00e7\u00f5es internacionais que trabalham pela paz deram seus testemunhos.<\/p>\n<p>&nbsp;<\/p>\n<p style=\"text-align: justify;\"><strong>Dharmaprasaranam em 2009 na Fran\u00e7a<\/strong><\/p>\n<p style=\"text-align: justify;\">Em agosto de 2009, <strong>\u015ar\u012b Tath\u0101ta<\/strong> liderou o <strong>Dharmaprasaranam<\/strong>, no Jardin de Safran em Varaire &#8211; Fran\u00e7a por 5 dias. Este ritual, celebrado na Europa logo ap\u00f3s o Dharmas\u016bya Mah\u0101y\u0101ga de fevereiro 2009 conduzido na \u00cdndia, foi de uma grande pot\u00eancia, um momento \u00edmpar. <strong>Dharmas\u016bya Mah\u0101y\u0101ga<\/strong><\/p>\n","protected":false},"excerpt":{"rendered":"<p>&nbsp; \u015ar\u012b Tath\u0101ta liderou v\u00e1rios \u201cDharmas\u016bya Mah\u0101y\u0101ga\u201d: em 1999, 2002, 2009 e 2014 O evento de 2014 aconteceu em Palakkad, no estado de Kerala (Sul da \u00cdndia), de 6 a 12 de fevereiro de 2014 e teve um impacto \u00fanico.<\/p>\n","protected":false},"author":1,"featured_media":0,"parent":0,"menu_order":0,"comment_status":"closed","ping_status":"closed","template":"","meta":[],"_links":{"self":[{"href":"https:\/\/tathatavrindham-brasil.com.br\/site\/wp-json\/wp\/v2\/pages\/391"}],"collection":[{"href":"https:\/\/tathatavrindham-brasil.com.br\/site\/wp-json\/wp\/v2\/pages"}],"about":[{"href":"https:\/\/tathatavrindham-brasil.com.br\/site\/wp-json\/wp\/v2\/types\/page"}],"author":[{"embeddable":true,"href":"https:\/\/tathatavrindham-brasil.com.br\/site\/wp-json\/wp\/v2\/users\/1"}],"replies":[{"embeddable":true,"href":"https:\/\/tathatavrindham-brasil.com.br\/site\/wp-json\/wp\/v2\/comments?post=391"}],"version-history":[{"count":9,"href":"https:\/\/tathatavrindham-brasil.com.br\/site\/wp-json\/wp\/v2\/pages\/391\/revisions"}],"predecessor-version":[{"id":837,"href":"https:\/\/tathatavrindham-brasil.com.br\/site\/wp-json\/wp\/v2\/pages\/391\/revisions\/837"}],"wp:attachment":[{"href":"https:\/\/tathatavrindham-brasil.com.br\/site\/wp-json\/wp\/v2\/media?parent=391"}],"curies":[{"name":"wp","href":"https:\/\/api.w.org\/{rel}","templated":true}]}}