{"id":395,"date":"2020-08-21T13:06:34","date_gmt":"2020-08-21T16:06:34","guid":{"rendered":"http:\/\/tathatavrindham-brasil.com.br\/site\/?page_id=395"},"modified":"2020-09-22T12:26:57","modified_gmt":"2020-09-22T15:26:57","slug":"meditacao-do-om","status":"publish","type":"page","link":"https:\/\/tathatavrindham-brasil.com.br\/site\/meditacao-do-om\/","title":{"rendered":"Medita\u00e7\u00e3o do OM"},"content":{"rendered":"<p><img decoding=\"async\" loading=\"lazy\" class=\"size-medium wp-image-631 alignleft\" src=\"http:\/\/tathatavrindham-brasil.com.br\/site\/wp-content\/uploads\/2020\/08\/OM-294x300.png\" alt=\"OM\" width=\"294\" height=\"300\" srcset=\"https:\/\/tathatavrindham-brasil.com.br\/site\/wp-content\/uploads\/2020\/08\/OM-294x300.png 294w, https:\/\/tathatavrindham-brasil.com.br\/site\/wp-content\/uploads\/2020\/08\/OM-1003x1024.png 1003w, https:\/\/tathatavrindham-brasil.com.br\/site\/wp-content\/uploads\/2020\/08\/OM-768x784.png 768w, https:\/\/tathatavrindham-brasil.com.br\/site\/wp-content\/uploads\/2020\/08\/OM.png 1254w\" sizes=\"(max-width: 294px) 100vw, 294px\" \/><\/p>\n<p style=\"text-align: justify;\"><span style=\"font-family: arial, helvetica, sans-serif;\">Segundo a tradi\u00e7\u00e3o, o <strong>OM ou AUM<\/strong> \u00e9 o som primordial, o primeiro que foi emitido durante a Cria\u00e7\u00e3o do Universo.<\/span><\/p>\n<p style=\"text-align: justify;\"><span style=\"font-family: arial, helvetica, sans-serif;\">Mantra primordial, contendo dentro dele a vibra\u00e7\u00e3o do Universo, a repeti\u00e7\u00e3o do <strong>OM<\/strong> nos harmoniza com a Consci\u00eancia Universal.<\/span><\/p>\n<p style=\"text-align: justify;\"><span style=\"font-family: arial, helvetica, sans-serif;\">A Medita\u00e7\u00e3o <strong>OM<\/strong> consiste em repetir o som <strong>OM<\/strong> v\u00e1rias vezes (pelo menos 7 vezes ou em s\u00e9rie de 7), seguido de um tempo de sil\u00eancio.<\/span><\/p>\n<p style=\"text-align: justify;\"><span style=\"font-family: arial, helvetica, sans-serif;\">A repeti\u00e7\u00e3o do Mantra <strong>OM<\/strong> purifica a mente e a uni \u00e0 Consci\u00eancia Suprema.<\/span><\/p>\n<p style=\"text-align: justify;\"><span style=\"font-family: arial, helvetica, sans-serif;\">A Medita\u00e7\u00e3o <strong>OM<\/strong> pode ser realizada por qualquer pessoa, independentemente de suas cren\u00e7as.<\/span><\/p>\n<p style=\"text-align: center;\"><span style=\"font-family: arial, helvetica, sans-serif;\">A pr\u00e1tica regular acalma a mente e abre o caminho para uma Vida mais Consciente.<\/span><\/p>\n<h4 class=\"title style-scope ytd-video-primary-info-renderer\" style=\"text-align: center;\"><span style=\"font-size: 14pt;\"><strong><span style=\"font-family: arial, helvetica, sans-serif;\">108 OM Mantra &#8211; <em>\u015ar\u012b\u00a0Tath\u0101ta<\/em><\/span><\/strong><\/span><\/h4>\n<p style=\"text-align: center;\"><iframe loading=\"lazy\" src=\"https:\/\/www.youtube.com\/embed\/FD1X9YToLqU\" width=\"560\" height=\"315\" frameborder=\"0\" allowfullscreen=\"allowfullscreen\"><span style=\"display: inline-block; width: 0px; overflow: hidden; line-height: 0;\" data-mce-type=\"bookmark\" class=\"mce_SELRES_end\">\ufeff<\/span><\/iframe><\/p>\n","protected":false},"excerpt":{"rendered":"<p>Segundo a tradi\u00e7\u00e3o, o OM ou AUM \u00e9 o som primordial, o primeiro que foi emitido durante a Cria\u00e7\u00e3o do Universo. Mantra primordial, contendo dentro dele a vibra\u00e7\u00e3o do Universo, a repeti\u00e7\u00e3o do OM nos harmoniza com a Consci\u00eancia Universal.<\/p>\n","protected":false},"author":1,"featured_media":795,"parent":0,"menu_order":0,"comment_status":"closed","ping_status":"closed","template":"","meta":[],"_links":{"self":[{"href":"https:\/\/tathatavrindham-brasil.com.br\/site\/wp-json\/wp\/v2\/pages\/395"}],"collection":[{"href":"https:\/\/tathatavrindham-brasil.com.br\/site\/wp-json\/wp\/v2\/pages"}],"about":[{"href":"https:\/\/tathatavrindham-brasil.com.br\/site\/wp-json\/wp\/v2\/types\/page"}],"author":[{"embeddable":true,"href":"https:\/\/tathatavrindham-brasil.com.br\/site\/wp-json\/wp\/v2\/users\/1"}],"replies":[{"embeddable":true,"href":"https:\/\/tathatavrindham-brasil.com.br\/site\/wp-json\/wp\/v2\/comments?post=395"}],"version-history":[{"count":16,"href":"https:\/\/tathatavrindham-brasil.com.br\/site\/wp-json\/wp\/v2\/pages\/395\/revisions"}],"predecessor-version":[{"id":879,"href":"https:\/\/tathatavrindham-brasil.com.br\/site\/wp-json\/wp\/v2\/pages\/395\/revisions\/879"}],"wp:featuredmedia":[{"embeddable":true,"href":"https:\/\/tathatavrindham-brasil.com.br\/site\/wp-json\/wp\/v2\/media\/795"}],"wp:attachment":[{"href":"https:\/\/tathatavrindham-brasil.com.br\/site\/wp-json\/wp\/v2\/media?parent=395"}],"curies":[{"name":"wp","href":"https:\/\/api.w.org\/{rel}","templated":true}]}}