{"id":397,"date":"2020-08-21T13:07:30","date_gmt":"2020-08-21T16:07:30","guid":{"rendered":"http:\/\/tathatavrindham-brasil.com.br\/site\/?page_id=397"},"modified":"2020-08-27T22:13:43","modified_gmt":"2020-08-28T01:13:43","slug":"gayatri-mantra","status":"publish","type":"page","link":"https:\/\/tathatavrindham-brasil.com.br\/site\/gayatri-mantra\/","title":{"rendered":"G\u0101yatr\u012b Mantra"},"content":{"rendered":"<p style=\"text-align: justify;\"><img decoding=\"async\" loading=\"lazy\" class=\"size-medium wp-image-634 alignright\" src=\"http:\/\/tathatavrindham-brasil.com.br\/site\/wp-content\/uploads\/2020\/08\/gayatri-300x229.png\" alt=\"\" width=\"300\" height=\"229\" srcset=\"https:\/\/tathatavrindham-brasil.com.br\/site\/wp-content\/uploads\/2020\/08\/gayatri-300x229.png 300w, https:\/\/tathatavrindham-brasil.com.br\/site\/wp-content\/uploads\/2020\/08\/gayatri.png 528w\" sizes=\"(max-width: 300px) 100vw, 300px\" \/>O <strong>G\u0101yatr\u012b<\/strong> Mantra \u00e9 talvez o Mantra V\u00e9dico mais famoso.<\/p>\n<p style=\"text-align: justify;\">\u00c9 um Mantra Solar (o aspecto do <strong>Divino<\/strong> invocado \u00e9 <strong>Savita<\/strong>, um dos nomes do <strong>Sol<\/strong>), Mantra de Luz e Ilumina\u00e7\u00e3o.<br \/>\nEle foi recebido em vis\u00e3o profunda pelo <strong>Rishi<\/strong> chamado <strong>Vi\u015bvamitra<\/strong>, cujo nome significa amigo de todos. Seu ritmo est\u00e1 associado ao n\u00famero 24. Na tradi\u00e7\u00e3o ele era transmitido secretamente de mestre a disc\u00edpulo no dia da inicia\u00e7\u00e3o. Hoje ele se tornou p\u00fablico, com a ideia que sua recita\u00e7\u00e3o pode ajudar in\u00fameras pessoas.<\/p>\n<p style=\"text-align: justify;\"><strong>Este \u00e9 o Mantra:<\/strong><\/p>\n<p style=\"text-align: justify;\"><strong>O\u1e43 |<\/strong><br \/>\n<strong>bh\u016br bhuva\u1e25 sva\u1e25 |<\/strong><br \/>\n<strong>tat savitur vare\u1e47yam |<\/strong><br \/>\n<strong>bhargo devasya dh\u012bmahi |<\/strong><br \/>\n<strong>dhiyo yo na\u1e25 pracoday\u0101t ||<\/strong><\/p>\n<p style=\"text-align: justify;\">A linha que come\u00e7a com<strong> bh\u016br<\/strong> \u00e9 uma invoca\u00e7\u00e3o aos tr\u00eas primeiros Planos de Consci\u00eancia, Terreno \/ F\u00edsico, Energ\u00e9tico e Mental. O pr\u00f3prio Mantra V\u00e9dico (\u1e5ag veda II, 62, 10) come\u00e7a em <strong>Tat Savitur<\/strong>. H\u00e1 um grande n\u00famero de tradu\u00e7\u00f5es, a l\u00edngua s\u00e2nscrita oferece inerentemente v\u00e1rios n\u00edveis de significado.<br \/>\nAqui est\u00e1 um retirado de um ensinamento de \u015ar\u012b Tath\u0101ta: <em>\u201cQue a Energia do Sol desperte em n\u00f3s a Energia do Supremo [da qual ele \u00e9 um reflexo]. N\u00f3s convidamos pela Medita\u00e7\u00e3o, este esplendor radiante a nos Divinizar at\u00e9 atingirmos a Intelig\u00eancia Divina, a Ilumina\u00e7\u00e3o plena\u201d<\/em>.<\/p>\n<p style=\"text-align: center;\"><span style=\"font-size: 14pt;\"><strong>V\u00eddeos<\/strong><\/span><\/p>\n<p style=\"text-align: center;\"><span style=\"font-size: 14pt;\"><strong>1. Aprendendo o G\u0101yatr\u012b Mantra<\/strong><\/span><\/p>\n<p style=\"text-align: center;\"><iframe loading=\"lazy\" src=\"https:\/\/www.youtube.com\/embed\/EMTOM5VXpNY\" width=\"560\" height=\"315\" frameborder=\"0\" allowfullscreen=\"allowfullscreen\"><\/iframe><\/p>\n<p>&nbsp;<\/p>\n<p style=\"text-align: center;\"><strong><span style=\"font-size: 14pt;\">2. \u015ar\u012b Tath\u0101ta. Porque o G\u0101yatr\u012b Mantra \u00e9 Importante? Confer\u00eancia<\/span><br \/>\n<\/strong><em>\u015ar\u012b Tath\u0101ta. Pourquoi le G\u0101yatr\u012b Mantra est si Important ? Conf\u00e9rence<\/em><br \/>\n<strong>legenda em portugu\u00eas dispon\u00edvel<\/strong><\/p>\n<p style=\"text-align: center;\"><iframe loading=\"lazy\" src=\"https:\/\/www.youtube.com\/embed\/r3xewZsJgHU\" width=\"560\" height=\"315\" frameborder=\"0\" allowfullscreen=\"allowfullscreen\"><\/iframe><\/p>\n","protected":false},"excerpt":{"rendered":"<p>O G\u0101yatr\u012b Mantra \u00e9 talvez o Mantra V\u00e9dico mais famoso. \u00c9 um Mantra Solar (o aspecto do Divino invocado \u00e9 Savita, um dos nomes do Sol), Mantra de Luz e Ilumina\u00e7\u00e3o. Ele foi recebido em vis\u00e3o profunda pelo Rishi chamado<\/p>\n","protected":false},"author":1,"featured_media":569,"parent":0,"menu_order":0,"comment_status":"closed","ping_status":"closed","template":"","meta":[],"_links":{"self":[{"href":"https:\/\/tathatavrindham-brasil.com.br\/site\/wp-json\/wp\/v2\/pages\/397"}],"collection":[{"href":"https:\/\/tathatavrindham-brasil.com.br\/site\/wp-json\/wp\/v2\/pages"}],"about":[{"href":"https:\/\/tathatavrindham-brasil.com.br\/site\/wp-json\/wp\/v2\/types\/page"}],"author":[{"embeddable":true,"href":"https:\/\/tathatavrindham-brasil.com.br\/site\/wp-json\/wp\/v2\/users\/1"}],"replies":[{"embeddable":true,"href":"https:\/\/tathatavrindham-brasil.com.br\/site\/wp-json\/wp\/v2\/comments?post=397"}],"version-history":[{"count":14,"href":"https:\/\/tathatavrindham-brasil.com.br\/site\/wp-json\/wp\/v2\/pages\/397\/revisions"}],"predecessor-version":[{"id":841,"href":"https:\/\/tathatavrindham-brasil.com.br\/site\/wp-json\/wp\/v2\/pages\/397\/revisions\/841"}],"wp:featuredmedia":[{"embeddable":true,"href":"https:\/\/tathatavrindham-brasil.com.br\/site\/wp-json\/wp\/v2\/media\/569"}],"wp:attachment":[{"href":"https:\/\/tathatavrindham-brasil.com.br\/site\/wp-json\/wp\/v2\/media?parent=397"}],"curies":[{"name":"wp","href":"https:\/\/api.w.org\/{rel}","templated":true}]}}