{"id":401,"date":"2020-08-21T13:08:33","date_gmt":"2020-08-21T16:08:33","guid":{"rendered":"http:\/\/tathatavrindham-brasil.com.br\/site\/?page_id=401"},"modified":"2020-08-25T11:29:11","modified_gmt":"2020-08-25T14:29:11","slug":"sandhya-upasana","status":"publish","type":"page","link":"https:\/\/tathatavrindham-brasil.com.br\/site\/sandhya-upasana\/","title":{"rendered":"Sandhy\u0101 Upasana"},"content":{"rendered":"<p style=\"text-align: justify;\"><strong>Medita\u00e7\u00e3o Sandhy\u0101 Upasana<\/strong><\/p>\n<p><img decoding=\"async\" loading=\"lazy\" class=\"aligncenter size-large wp-image-533\" src=\"http:\/\/tathatavrindham-brasil.com.br\/site\/wp-content\/uploads\/2020\/08\/sri-tathata-meditation-sandhya-upasana-1024x546.jpg\" alt=\"\" width=\"720\" height=\"384\" srcset=\"https:\/\/tathatavrindham-brasil.com.br\/site\/wp-content\/uploads\/2020\/08\/sri-tathata-meditation-sandhya-upasana-1024x546.jpg 1024w, https:\/\/tathatavrindham-brasil.com.br\/site\/wp-content\/uploads\/2020\/08\/sri-tathata-meditation-sandhya-upasana-300x160.jpg 300w, https:\/\/tathatavrindham-brasil.com.br\/site\/wp-content\/uploads\/2020\/08\/sri-tathata-meditation-sandhya-upasana-768x410.jpg 768w, https:\/\/tathatavrindham-brasil.com.br\/site\/wp-content\/uploads\/2020\/08\/sri-tathata-meditation-sandhya-upasana.jpg 1140w\" sizes=\"(max-width: 720px) 100vw, 720px\" \/><\/p>\n<p style=\"text-align: justify;\">\u201cAquele que aspira ao <strong>Dharma<\/strong>, que adotou o Caminho do Meio, deve possuir certo conhecimento essencial sobre os mist\u00e9rios do Universo. O mais importante desses segredos \u00e9 este: cinco vezes ao dia, a Luz eterna do Cosmos se conecta com todos os Seres Criados e Mat\u00e9ria Inerte. Essa conjun\u00e7\u00e3o ocorre no in\u00edcio da manh\u00e3 (cerca de 3 horas antes do nascer do Sol), ao nascer do Sol, ao meio-dia (Solar), ao p\u00f4r do Sol e \u00e0 meia-noite (Solar). Usar esses momentos de conjun\u00e7\u00e3o com sabedoria, quando a Energia C\u00f3smica desce sobre n\u00f3s, \u00e9 realmente essencial se quisermos alcan\u00e7ar o despertar interior de nossa Consci\u00eancia. \u00c9 assim que se faz: quando a Energia Divina desce para encontrar cada Alma individual, \u00e9 uma quest\u00e3o de unir nosso Esp\u00edrito a ela e permanecer em plena Consci\u00eancia. &#8220;<\/p>\n<p style=\"text-align: justify;\">Trecho do livro <strong>\u201cDharma Sutra\u201d<\/strong> de \u015ar\u012b Tath\u0101ta (no primeiro cap\u00edtulo) Lumi\u00e8re du Dharma Editions, 2014 \u2013 Em Fran\u00e7ais.<\/p>\n<p style=\"text-align: justify;\">Esta curta Medita\u00e7\u00e3o (por exemplo, um a dois minutos) deve ser feita pelo menos ao nascer e p\u00f4r do Sol, possivelmente no z\u00eanite (hora Solar do meio-dia).<\/p>\n<p style=\"text-align: justify;\">Estes hor\u00e1rios podem ser encontrados em aplicativos da internet.<\/p>\n","protected":false},"excerpt":{"rendered":"<p>Medita\u00e7\u00e3o Sandhy\u0101 Upasana \u201cAquele que aspira ao Dharma, que adotou o Caminho do Meio, deve possuir certo conhecimento essencial sobre os mist\u00e9rios do Universo. O mais importante desses segredos \u00e9 este: cinco vezes ao dia, a Luz eterna do Cosmos<\/p>\n","protected":false},"author":1,"featured_media":0,"parent":0,"menu_order":0,"comment_status":"closed","ping_status":"closed","template":"","meta":[],"_links":{"self":[{"href":"https:\/\/tathatavrindham-brasil.com.br\/site\/wp-json\/wp\/v2\/pages\/401"}],"collection":[{"href":"https:\/\/tathatavrindham-brasil.com.br\/site\/wp-json\/wp\/v2\/pages"}],"about":[{"href":"https:\/\/tathatavrindham-brasil.com.br\/site\/wp-json\/wp\/v2\/types\/page"}],"author":[{"embeddable":true,"href":"https:\/\/tathatavrindham-brasil.com.br\/site\/wp-json\/wp\/v2\/users\/1"}],"replies":[{"embeddable":true,"href":"https:\/\/tathatavrindham-brasil.com.br\/site\/wp-json\/wp\/v2\/comments?post=401"}],"version-history":[{"count":5,"href":"https:\/\/tathatavrindham-brasil.com.br\/site\/wp-json\/wp\/v2\/pages\/401\/revisions"}],"predecessor-version":[{"id":763,"href":"https:\/\/tathatavrindham-brasil.com.br\/site\/wp-json\/wp\/v2\/pages\/401\/revisions\/763"}],"wp:attachment":[{"href":"https:\/\/tathatavrindham-brasil.com.br\/site\/wp-json\/wp\/v2\/media?parent=401"}],"curies":[{"name":"wp","href":"https:\/\/api.w.org\/{rel}","templated":true}]}}