{"id":423,"date":"2020-08-21T14:56:59","date_gmt":"2020-08-21T17:56:59","guid":{"rendered":"http:\/\/tathatavrindham-brasil.com.br\/site\/?page_id=423"},"modified":"2020-08-23T13:54:22","modified_gmt":"2020-08-23T16:54:22","slug":"tradicao-vedica","status":"publish","type":"page","link":"https:\/\/tathatavrindham-brasil.com.br\/site\/tradicao-vedica\/","title":{"rendered":"Tradi\u00e7\u00e3o V\u00e9dica"},"content":{"rendered":"","protected":false},"excerpt":{"rendered":"","protected":false},"author":1,"featured_media":0,"parent":0,"menu_order":0,"comment_status":"closed","ping_status":"closed","template":"","meta":[],"_links":{"self":[{"href":"https:\/\/tathatavrindham-brasil.com.br\/site\/wp-json\/wp\/v2\/pages\/423"}],"collection":[{"href":"https:\/\/tathatavrindham-brasil.com.br\/site\/wp-json\/wp\/v2\/pages"}],"about":[{"href":"https:\/\/tathatavrindham-brasil.com.br\/site\/wp-json\/wp\/v2\/types\/page"}],"author":[{"embeddable":true,"href":"https:\/\/tathatavrindham-brasil.com.br\/site\/wp-json\/wp\/v2\/users\/1"}],"replies":[{"embeddable":true,"href":"https:\/\/tathatavrindham-brasil.com.br\/site\/wp-json\/wp\/v2\/comments?post=423"}],"version-history":[{"count":2,"href":"https:\/\/tathatavrindham-brasil.com.br\/site\/wp-json\/wp\/v2\/pages\/423\/revisions"}],"predecessor-version":[{"id":596,"href":"https:\/\/tathatavrindham-brasil.com.br\/site\/wp-json\/wp\/v2\/pages\/423\/revisions\/596"}],"wp:attachment":[{"href":"https:\/\/tathatavrindham-brasil.com.br\/site\/wp-json\/wp\/v2\/media?parent=423"}],"curies":[{"name":"wp","href":"https:\/\/api.w.org\/{rel}","templated":true}]}}