{"id":425,"date":"2020-08-21T14:57:21","date_gmt":"2020-08-21T17:57:21","guid":{"rendered":"http:\/\/tathatavrindham-brasil.com.br\/site\/?page_id=425"},"modified":"2021-05-05T10:37:37","modified_gmt":"2021-05-05T13:37:37","slug":"agenda","status":"publish","type":"page","link":"https:\/\/tathatavrindham-brasil.com.br\/site\/agenda\/","title":{"rendered":"Agenda"},"content":{"rendered":"<p><img decoding=\"async\" loading=\"lazy\" class=\"aligncenter size-full wp-image-988\" src=\"http:\/\/tathatavrindham-brasil.com.br\/site\/wp-content\/uploads\/2021\/05\/Informacoes-e-inscricao-httpbit.lyretiro-vedico.png\" alt=\"\" width=\"640\" height=\"360\" srcset=\"https:\/\/tathatavrindham-brasil.com.br\/site\/wp-content\/uploads\/2021\/05\/Informacoes-e-inscricao-httpbit.lyretiro-vedico.png 640w, https:\/\/tathatavrindham-brasil.com.br\/site\/wp-content\/uploads\/2021\/05\/Informacoes-e-inscricao-httpbit.lyretiro-vedico-300x169.png 300w\" sizes=\"(max-width: 640px) 100vw, 640px\" \/><\/p>\n<p style=\"text-align: center;\"><a href=\"https:\/\/bit.ly\/retiro-vedico\" target=\"_blank\" rel=\"noopener noreferrer\">Retiro V\u00e9dico &#8211; Informa\u00e7\u00f5es e inscri\u00e7\u00e3o<\/a><\/p>\n<p><img decoding=\"async\" loading=\"lazy\" class=\"aligncenter size-large wp-image-992\" src=\"http:\/\/tathatavrindham-brasil.com.br\/site\/wp-content\/uploads\/2021\/05\/Workshop-Trabalhando-conscientemente-com-a-Luz-Dourada-1-1024x536.png\" alt=\"\" width=\"720\" height=\"377\" srcset=\"https:\/\/tathatavrindham-brasil.com.br\/site\/wp-content\/uploads\/2021\/05\/Workshop-Trabalhando-conscientemente-com-a-Luz-Dourada-1-1024x536.png 1024w, https:\/\/tathatavrindham-brasil.com.br\/site\/wp-content\/uploads\/2021\/05\/Workshop-Trabalhando-conscientemente-com-a-Luz-Dourada-1-300x157.png 300w, https:\/\/tathatavrindham-brasil.com.br\/site\/wp-content\/uploads\/2021\/05\/Workshop-Trabalhando-conscientemente-com-a-Luz-Dourada-1-768x402.png 768w, https:\/\/tathatavrindham-brasil.com.br\/site\/wp-content\/uploads\/2021\/05\/Workshop-Trabalhando-conscientemente-com-a-Luz-Dourada-1.png 1200w\" sizes=\"(max-width: 720px) 100vw, 720px\" \/><\/p>\n<p style=\"text-align: center;\"><a href=\"https:\/\/bit.ly\/luz-dourada\" target=\"_blank\" rel=\"noopener noreferrer\">Medita\u00e7\u00e3o V\u00e9dica &#8211; Inscri\u00e7\u00e3o<\/a><\/p>\n","protected":false},"excerpt":{"rendered":"<p>Retiro V\u00e9dico &#8211; Informa\u00e7\u00f5es e inscri\u00e7\u00e3o Medita\u00e7\u00e3o V\u00e9dica &#8211; Inscri\u00e7\u00e3o<\/p>\n","protected":false},"author":1,"featured_media":0,"parent":0,"menu_order":0,"comment_status":"closed","ping_status":"closed","template":"","meta":[],"_links":{"self":[{"href":"https:\/\/tathatavrindham-brasil.com.br\/site\/wp-json\/wp\/v2\/pages\/425"}],"collection":[{"href":"https:\/\/tathatavrindham-brasil.com.br\/site\/wp-json\/wp\/v2\/pages"}],"about":[{"href":"https:\/\/tathatavrindham-brasil.com.br\/site\/wp-json\/wp\/v2\/types\/page"}],"author":[{"embeddable":true,"href":"https:\/\/tathatavrindham-brasil.com.br\/site\/wp-json\/wp\/v2\/users\/1"}],"replies":[{"embeddable":true,"href":"https:\/\/tathatavrindham-brasil.com.br\/site\/wp-json\/wp\/v2\/comments?post=425"}],"version-history":[{"count":7,"href":"https:\/\/tathatavrindham-brasil.com.br\/site\/wp-json\/wp\/v2\/pages\/425\/revisions"}],"predecessor-version":[{"id":994,"href":"https:\/\/tathatavrindham-brasil.com.br\/site\/wp-json\/wp\/v2\/pages\/425\/revisions\/994"}],"wp:attachment":[{"href":"https:\/\/tathatavrindham-brasil.com.br\/site\/wp-json\/wp\/v2\/media?parent=425"}],"curies":[{"name":"wp","href":"https:\/\/api.w.org\/{rel}","templated":true}]}}