{"id":449,"date":"2020-08-21T15:22:18","date_gmt":"2020-08-21T18:22:18","guid":{"rendered":"http:\/\/tathatavrindham-brasil.com.br\/site\/?page_id=449"},"modified":"2020-08-25T11:33:54","modified_gmt":"2020-08-25T14:33:54","slug":"principios-dos-vedas","status":"publish","type":"page","link":"https:\/\/tathatavrindham-brasil.com.br\/site\/principios-dos-vedas\/","title":{"rendered":"Princ\u00edpios dos Vedas"},"content":{"rendered":"<p><img decoding=\"async\" loading=\"lazy\" class=\"aligncenter size-full wp-image-652\" src=\"http:\/\/tathatavrindham-brasil.com.br\/site\/wp-content\/uploads\/2020\/08\/principioVedas.jpg\" alt=\"Principio do Vedas\" width=\"1140\" height=\"608\" srcset=\"https:\/\/tathatavrindham-brasil.com.br\/site\/wp-content\/uploads\/2020\/08\/principioVedas.jpg 1140w, https:\/\/tathatavrindham-brasil.com.br\/site\/wp-content\/uploads\/2020\/08\/principioVedas-300x160.jpg 300w, https:\/\/tathatavrindham-brasil.com.br\/site\/wp-content\/uploads\/2020\/08\/principioVedas-1024x546.jpg 1024w, https:\/\/tathatavrindham-brasil.com.br\/site\/wp-content\/uploads\/2020\/08\/principioVedas-768x410.jpg 768w\" sizes=\"(max-width: 1140px) 100vw, 1140px\" \/><\/p>\n<p><em>\u201cPr\u00e1ticas V\u00e9dicas como <strong>Upanayana, Sandhya Vandana, Agni Hotra<\/strong> e outras existem para nos ajudar a Viver com plena Consci\u00eancia do prop\u00f3sito da Natureza. O despertar dessa Consci\u00eancia interior significa o in\u00edcio da manifesta\u00e7\u00e3o da Natureza Divina em N\u00f3s. &#8220;<\/em><\/p>\n<p><em>\u201cO Mundo adotar\u00e1 o modo de Vida ensinado pelos <strong>Rishis V\u00e9dicos<\/strong> no futuro. Em um tempo n\u00e3o muito distante, o Mundo aceitar\u00e1 a sabedoria V\u00e9dica e viver\u00e1 de acordo com ela. O trabalho que est\u00e1 sendo feito por <strong>Tath\u0101ta<\/strong> hoje \u00e9 o prel\u00fadio para esta Nova Era. Amanh\u00e3, ele encontrar\u00e1 sua realiza\u00e7\u00e3o. (\u2026) . Mudan\u00e7as maravilhosas acontecer\u00e3o ent\u00e3o. &#8220;<\/em><\/p>\n<p>Trechos do <strong>Dharma Sutra de \u015ar\u012b Tath\u0101ta<\/strong> (no terceiro cap\u00edtulo) Lumi\u00e8re du Dharma Editions, 2014<\/p>\n","protected":false},"excerpt":{"rendered":"<p>\u201cPr\u00e1ticas V\u00e9dicas como Upanayana, Sandhya Vandana, Agni Hotra e outras existem para nos ajudar a Viver com plena Consci\u00eancia do prop\u00f3sito da Natureza. O despertar dessa Consci\u00eancia interior significa o in\u00edcio da manifesta\u00e7\u00e3o da Natureza Divina em N\u00f3s. &#8220; \u201cO<\/p>\n","protected":false},"author":1,"featured_media":0,"parent":0,"menu_order":0,"comment_status":"closed","ping_status":"closed","template":"","meta":[],"_links":{"self":[{"href":"https:\/\/tathatavrindham-brasil.com.br\/site\/wp-json\/wp\/v2\/pages\/449"}],"collection":[{"href":"https:\/\/tathatavrindham-brasil.com.br\/site\/wp-json\/wp\/v2\/pages"}],"about":[{"href":"https:\/\/tathatavrindham-brasil.com.br\/site\/wp-json\/wp\/v2\/types\/page"}],"author":[{"embeddable":true,"href":"https:\/\/tathatavrindham-brasil.com.br\/site\/wp-json\/wp\/v2\/users\/1"}],"replies":[{"embeddable":true,"href":"https:\/\/tathatavrindham-brasil.com.br\/site\/wp-json\/wp\/v2\/comments?post=449"}],"version-history":[{"count":5,"href":"https:\/\/tathatavrindham-brasil.com.br\/site\/wp-json\/wp\/v2\/pages\/449\/revisions"}],"predecessor-version":[{"id":764,"href":"https:\/\/tathatavrindham-brasil.com.br\/site\/wp-json\/wp\/v2\/pages\/449\/revisions\/764"}],"wp:attachment":[{"href":"https:\/\/tathatavrindham-brasil.com.br\/site\/wp-json\/wp\/v2\/media?parent=449"}],"curies":[{"name":"wp","href":"https:\/\/api.w.org\/{rel}","templated":true}]}}