{"id":451,"date":"2020-08-21T15:22:54","date_gmt":"2020-08-21T18:22:54","guid":{"rendered":"http:\/\/tathatavrindham-brasil.com.br\/site\/?page_id=451"},"modified":"2020-08-25T11:36:05","modified_gmt":"2020-08-25T14:36:05","slug":"as-idades-da-vida","status":"publish","type":"page","link":"https:\/\/tathatavrindham-brasil.com.br\/site\/as-idades-da-vida\/","title":{"rendered":"As idades da Vida"},"content":{"rendered":"<p style=\"text-align: justify;\"><strong>As idades da Vida ou \u0101\u015brama Dharma.<\/strong><\/p>\n<p><img decoding=\"async\" loading=\"lazy\" class=\"aligncenter size-full wp-image-643\" src=\"http:\/\/tathatavrindham-brasil.com.br\/site\/wp-content\/uploads\/2020\/08\/idadesvida.jpg\" alt=\"\" width=\"974\" height=\"211\" srcset=\"https:\/\/tathatavrindham-brasil.com.br\/site\/wp-content\/uploads\/2020\/08\/idadesvida.jpg 974w, https:\/\/tathatavrindham-brasil.com.br\/site\/wp-content\/uploads\/2020\/08\/idadesvida-300x65.jpg 300w, https:\/\/tathatavrindham-brasil.com.br\/site\/wp-content\/uploads\/2020\/08\/idadesvida-768x166.jpg 768w\" sizes=\"(max-width: 974px) 100vw, 974px\" \/><\/p>\n<p style=\"text-align: justify;\">Segundo os <strong>Vedas<\/strong> existem 4 idades na Vida. Se vivermos respeitando estas 4 idades, os valores e momentos inerentes de cada etapa, nos desenvolveremos em equil\u00edbrio e harmonia, sendo indiv\u00edduos equilibrados que trazem equil\u00edbrio para a sociedade em que vivem.<br \/>\nA primeira das 4 idades \u00e9 o <strong>Brahmacharya<\/strong> ela concerna as crian\u00e7as, e alunos. As crian\u00e7as e os jovens devem crescer segundo os valores e regras de Vida que pertencem \u00e0 sua fase de desenvolvimento. No final do <strong>Brahmacharya<\/strong>, inicia o <strong>Dharma de G\u1e5bhastha<\/strong> ou Pai \/ M\u00e3e de Fam\u00edlia que tem como miss\u00e3o ter Filho (s) e capacit\u00e1-lo a cumprir seus deveres para com a sociedade. Perto do final da<strong> G\u1e5bhastha<\/strong>, quando os Filhos do Casal s\u00e3o, por sua vez, casados e come\u00e7aram suas pr\u00f3prias Fam\u00edlias, os Pais devem entregar a responsabilidade Familiar para suas m\u00e3os e receber, em troca, o <strong>Dharma V\u0101naprastha<\/strong>. A observa\u00e7\u00e3o de <strong>V\u0101nasprastha<\/strong>, ou ren\u00fancia, permitir\u00e1 que o homem e a mulher que tenham atingido a terceira idade se purifiquem dos Karmas que poderiam ter criado as imperfei\u00e7\u00f5es das a\u00e7\u00f5es realizadas durante todos esses anos. \u00c9 assim que eles se preparar\u00e3o tamb\u00e9m para o <strong>Sanny\u0101sa Dharma<\/strong>, a jornada da fase final da Vida cujo objetivo \u00e9 o retorno \u00e0 <strong>Fonte Suprema<\/strong> da qual viemos.<\/p>\n","protected":false},"excerpt":{"rendered":"<p>As idades da Vida ou \u0101\u015brama Dharma. Segundo os Vedas existem 4 idades na Vida. Se vivermos respeitando estas 4 idades, os valores e momentos inerentes de cada etapa, nos desenvolveremos em equil\u00edbrio e harmonia, sendo indiv\u00edduos equilibrados que trazem<\/p>\n","protected":false},"author":1,"featured_media":0,"parent":0,"menu_order":0,"comment_status":"closed","ping_status":"closed","template":"","meta":[],"_links":{"self":[{"href":"https:\/\/tathatavrindham-brasil.com.br\/site\/wp-json\/wp\/v2\/pages\/451"}],"collection":[{"href":"https:\/\/tathatavrindham-brasil.com.br\/site\/wp-json\/wp\/v2\/pages"}],"about":[{"href":"https:\/\/tathatavrindham-brasil.com.br\/site\/wp-json\/wp\/v2\/types\/page"}],"author":[{"embeddable":true,"href":"https:\/\/tathatavrindham-brasil.com.br\/site\/wp-json\/wp\/v2\/users\/1"}],"replies":[{"embeddable":true,"href":"https:\/\/tathatavrindham-brasil.com.br\/site\/wp-json\/wp\/v2\/comments?post=451"}],"version-history":[{"count":5,"href":"https:\/\/tathatavrindham-brasil.com.br\/site\/wp-json\/wp\/v2\/pages\/451\/revisions"}],"predecessor-version":[{"id":765,"href":"https:\/\/tathatavrindham-brasil.com.br\/site\/wp-json\/wp\/v2\/pages\/451\/revisions\/765"}],"wp:attachment":[{"href":"https:\/\/tathatavrindham-brasil.com.br\/site\/wp-json\/wp\/v2\/media?parent=451"}],"curies":[{"name":"wp","href":"https:\/\/api.w.org\/{rel}","templated":true}]}}