{"id":457,"date":"2020-08-21T15:24:35","date_gmt":"2020-08-21T18:24:35","guid":{"rendered":"http:\/\/tathatavrindham-brasil.com.br\/site\/?page_id=457"},"modified":"2020-08-25T11:38:54","modified_gmt":"2020-08-25T14:38:54","slug":"sandhya-vandana","status":"publish","type":"page","link":"https:\/\/tathatavrindham-brasil.com.br\/site\/sandhya-vandana\/","title":{"rendered":"Sandhy\u0101 Vandana"},"content":{"rendered":"<p><strong>O Ritual de Sandhy\u0101 Vandana<\/strong><\/p>\n<p style=\"text-align: justify;\"><img decoding=\"async\" loading=\"lazy\" class=\"alignleft wp-image-645\" src=\"http:\/\/tathatavrindham-brasil.com.br\/site\/wp-content\/uploads\/2020\/08\/SandhyaVandana-200x300.jpg\" alt=\"Sandhy\u0101 Vandana\" width=\"230\" height=\"344\" srcset=\"https:\/\/tathatavrindham-brasil.com.br\/site\/wp-content\/uploads\/2020\/08\/SandhyaVandana-200x300.jpg 200w, https:\/\/tathatavrindham-brasil.com.br\/site\/wp-content\/uploads\/2020\/08\/SandhyaVandana.jpg 601w\" sizes=\"(max-width: 230px) 100vw, 230px\" \/>Durante o ritual de <strong>Sandhy\u0101 Vandana<\/strong>, a \u00c1gua \u00e9 oferecida ao Sol (S\u016brya), representante simb\u00f3lico da Luz Interior, a do nosso Eu. Cada oferenda de \u00c1gua \u00e9 feita ap\u00f3s a recita\u00e7\u00e3o do mantra <a href=\"http:\/\/tathatavrindham-brasil.com.br\/site\/gayatri-mantra-2\/\"><strong>G\u0101yatr\u012b<\/strong><\/a>. A \u00c1gua recupera assim toda a sua pureza, enche-se de Luz e, no momento da oferenda, representa simbolicamente a \u00e1gua primordial, elemento fundamental da Cria\u00e7\u00e3o. Quando esta \u00c1gua-Luz \u00e9 oferecida ao Sol com devo\u00e7\u00e3o e ent\u00e3o toca a Terra, as negatividades s\u00e3o purificadas!<\/p>\n<p style=\"text-align: justify;\">Essa pr\u00e1tica deve ser feita regularmente (um compromisso \u00e9 feito por um determinado per\u00edodo ou indefinidamente). Ela pode ser feita em dois momentos do dia, alguns minutos antes do raiar-do-Sol e alguns minutos antes do p\u00f4r-do-Sol.<br \/>\nAs pessoas que vivem em sociedade encontrar\u00e3o grandes benef\u00edcios em praticar este Ritual antes da Medita\u00e7\u00e3o.<\/p>\n<p style=\"text-align: justify;\">Acess\u00f3rios: s\u00e3o utilizados o Pancha Patra ou o Kamandalu para verter a \u00c1gua na m\u00e3o direita.<\/p>\n<figure id=\"attachment_554\" aria-describedby=\"caption-attachment-554\" style=\"width: 220px\" class=\"wp-caption alignleft\"><img decoding=\"async\" loading=\"lazy\" class=\"size-full wp-image-554\" src=\"http:\/\/tathatavrindham-brasil.com.br\/site\/wp-content\/uploads\/2020\/08\/Pancha-patra.jpg\" alt=\"Pancha Patra\" width=\"220\" height=\"220\" srcset=\"https:\/\/tathatavrindham-brasil.com.br\/site\/wp-content\/uploads\/2020\/08\/Pancha-patra.jpg 220w, https:\/\/tathatavrindham-brasil.com.br\/site\/wp-content\/uploads\/2020\/08\/Pancha-patra-150x150.jpg 150w\" sizes=\"(max-width: 220px) 100vw, 220px\" \/><figcaption id=\"caption-attachment-554\" class=\"wp-caption-text\">Pancha Patra<\/figcaption><\/figure>\n<figure id=\"attachment_553\" aria-describedby=\"caption-attachment-553\" style=\"width: 145px\" class=\"wp-caption alignleft\"><img decoding=\"async\" loading=\"lazy\" class=\"size-full wp-image-553\" src=\"http:\/\/tathatavrindham-brasil.com.br\/site\/wp-content\/uploads\/2020\/08\/Kamandalu.jpg\" alt=\"Kamandalu\" width=\"145\" height=\"220\" \/><figcaption id=\"caption-attachment-553\" class=\"wp-caption-text\">Kamandalu<\/figcaption><\/figure>\n","protected":false},"excerpt":{"rendered":"<p>O Ritual de Sandhy\u0101 Vandana Durante o ritual de Sandhy\u0101 Vandana, a \u00c1gua \u00e9 oferecida ao Sol (S\u016brya), representante simb\u00f3lico da Luz Interior, a do nosso Eu. Cada oferenda de \u00c1gua \u00e9 feita ap\u00f3s a recita\u00e7\u00e3o do mantra G\u0101yatr\u012b. A<\/p>\n","protected":false},"author":1,"featured_media":0,"parent":0,"menu_order":0,"comment_status":"closed","ping_status":"closed","template":"","meta":[],"_links":{"self":[{"href":"https:\/\/tathatavrindham-brasil.com.br\/site\/wp-json\/wp\/v2\/pages\/457"}],"collection":[{"href":"https:\/\/tathatavrindham-brasil.com.br\/site\/wp-json\/wp\/v2\/pages"}],"about":[{"href":"https:\/\/tathatavrindham-brasil.com.br\/site\/wp-json\/wp\/v2\/types\/page"}],"author":[{"embeddable":true,"href":"https:\/\/tathatavrindham-brasil.com.br\/site\/wp-json\/wp\/v2\/users\/1"}],"replies":[{"embeddable":true,"href":"https:\/\/tathatavrindham-brasil.com.br\/site\/wp-json\/wp\/v2\/comments?post=457"}],"version-history":[{"count":8,"href":"https:\/\/tathatavrindham-brasil.com.br\/site\/wp-json\/wp\/v2\/pages\/457\/revisions"}],"predecessor-version":[{"id":649,"href":"https:\/\/tathatavrindham-brasil.com.br\/site\/wp-json\/wp\/v2\/pages\/457\/revisions\/649"}],"wp:attachment":[{"href":"https:\/\/tathatavrindham-brasil.com.br\/site\/wp-json\/wp\/v2\/media?parent=457"}],"curies":[{"name":"wp","href":"https:\/\/api.w.org\/{rel}","templated":true}]}}