{"id":459,"date":"2020-08-21T15:25:02","date_gmt":"2020-08-21T18:25:02","guid":{"rendered":"http:\/\/tathatavrindham-brasil.com.br\/site\/?page_id=459"},"modified":"2020-08-25T11:40:30","modified_gmt":"2020-08-25T14:40:30","slug":"agni-hotra","status":"publish","type":"page","link":"https:\/\/tathatavrindham-brasil.com.br\/site\/agni-hotra\/","title":{"rendered":"Agni Hotra"},"content":{"rendered":"<p style=\"text-align: justify;\">O <strong>Agni Hotra<\/strong> ou oferenda ao <strong>Fogo Sagrado<\/strong> \u00e9 um ritual importante na Tradi\u00e7\u00e3o V\u00e9dica.<\/p>\n<p><img decoding=\"async\" loading=\"lazy\" class=\"aligncenter size-full wp-image-650\" src=\"http:\/\/tathatavrindham-brasil.com.br\/site\/wp-content\/uploads\/2020\/08\/AgniHorta.jpg\" alt=\"Agni Horta\" width=\"1140\" height=\"608\" srcset=\"https:\/\/tathatavrindham-brasil.com.br\/site\/wp-content\/uploads\/2020\/08\/AgniHorta.jpg 1140w, https:\/\/tathatavrindham-brasil.com.br\/site\/wp-content\/uploads\/2020\/08\/AgniHorta-300x160.jpg 300w, https:\/\/tathatavrindham-brasil.com.br\/site\/wp-content\/uploads\/2020\/08\/AgniHorta-1024x546.jpg 1024w, https:\/\/tathatavrindham-brasil.com.br\/site\/wp-content\/uploads\/2020\/08\/AgniHorta-768x410.jpg 768w\" sizes=\"(max-width: 1140px) 100vw, 1140px\" \/><\/p>\n<p style=\"text-align: justify;\">Consiste na oferta de materiais nobres como ghee (manteiga clarificada), madeira e ervas medicinais. \u00c9 realizado duas vezes por dia: ao nascer e p\u00f4r-do-Sol. O oficiante faz a oferenda ao mesmo tempo que recita &#8211; ou um grupo de pessoas recita &#8211; os Mantras e Hinos que honram diferentes facetas do Divino, como Agni representando a vontade Divina, Soma, o Esp\u00edrito, Indra, a Energia, Prajapati o Criador e Surya, o Sol interior que nasce como Consci\u00eancia e conhecimento.<\/p>\n<p style=\"text-align: justify;\">Outras recita\u00e7\u00f5es e oferendas podem se seguir, dedicadas em particular a diferentes aspectos do Prana (ou Energia Vital), bem como o Hino V\u00e9dico em homenagem ao Fogo Sagrado, Agni Sukta. A inten\u00e7\u00e3o do Agni Hotra \u00e9 oferecer sua vontade pessoal \u00e0 vontade Divina, acolher as facetas do Divino mencionadas acima para que as inten\u00e7\u00f5es Divinas se realizem em si mesmo e no Universo.<\/p>\n<p style=\"text-align: justify;\"><strong>\u015ar\u012b Tath\u0101ta<\/strong> indica que o Agni Hotra oferece prote\u00e7\u00e3o \u00e0s casas onde \u00e9 praticado e \u00e0s suas redondezas. \u00c9 um grande ritual de purifica\u00e7\u00e3o e harmoniza\u00e7\u00e3o.<br \/>\nTodos os dias, este ritual \u00e9 oficiado nos dois Ashrams de <strong>\u015ar\u012b Tath\u0101ta<\/strong> na \u00cdndia.<\/p>\n","protected":false},"excerpt":{"rendered":"<p>O Agni Hotra ou oferenda ao Fogo Sagrado \u00e9 um ritual importante na Tradi\u00e7\u00e3o V\u00e9dica. Consiste na oferta de materiais nobres como ghee (manteiga clarificada), madeira e ervas medicinais. \u00c9 realizado duas vezes por dia: ao nascer e p\u00f4r-do-Sol. O<\/p>\n","protected":false},"author":1,"featured_media":0,"parent":0,"menu_order":0,"comment_status":"closed","ping_status":"closed","template":"","meta":[],"_links":{"self":[{"href":"https:\/\/tathatavrindham-brasil.com.br\/site\/wp-json\/wp\/v2\/pages\/459"}],"collection":[{"href":"https:\/\/tathatavrindham-brasil.com.br\/site\/wp-json\/wp\/v2\/pages"}],"about":[{"href":"https:\/\/tathatavrindham-brasil.com.br\/site\/wp-json\/wp\/v2\/types\/page"}],"author":[{"embeddable":true,"href":"https:\/\/tathatavrindham-brasil.com.br\/site\/wp-json\/wp\/v2\/users\/1"}],"replies":[{"embeddable":true,"href":"https:\/\/tathatavrindham-brasil.com.br\/site\/wp-json\/wp\/v2\/comments?post=459"}],"version-history":[{"count":5,"href":"https:\/\/tathatavrindham-brasil.com.br\/site\/wp-json\/wp\/v2\/pages\/459\/revisions"}],"predecessor-version":[{"id":768,"href":"https:\/\/tathatavrindham-brasil.com.br\/site\/wp-json\/wp\/v2\/pages\/459\/revisions\/768"}],"wp:attachment":[{"href":"https:\/\/tathatavrindham-brasil.com.br\/site\/wp-json\/wp\/v2\/media?parent=459"}],"curies":[{"name":"wp","href":"https:\/\/api.w.org\/{rel}","templated":true}]}}