{"id":467,"date":"2020-08-21T15:26:27","date_gmt":"2020-08-21T18:26:27","guid":{"rendered":"http:\/\/tathatavrindham-brasil.com.br\/site\/?page_id=467"},"modified":"2020-08-25T11:45:17","modified_gmt":"2020-08-25T14:45:17","slug":"agni-suktam","status":"publish","type":"page","link":"https:\/\/tathatavrindham-brasil.com.br\/site\/agni-suktam\/","title":{"rendered":"Agni Suktam"},"content":{"rendered":"<p style=\"text-align: justify;\"><img decoding=\"async\" loading=\"lazy\" class=\"size-full wp-image-656 alignleft\" src=\"http:\/\/tathatavrindham-brasil.com.br\/site\/wp-content\/uploads\/2020\/08\/agni_suktm.jpg\" alt=\"Agni Suktam\" width=\"305\" height=\"346\" srcset=\"https:\/\/tathatavrindham-brasil.com.br\/site\/wp-content\/uploads\/2020\/08\/agni_suktm.jpg 305w, https:\/\/tathatavrindham-brasil.com.br\/site\/wp-content\/uploads\/2020\/08\/agni_suktm-264x300.jpg 264w\" sizes=\"(max-width: 305px) 100vw, 305px\" \/><br \/>\nO primeiro Hino (1,1) de \u1e5aG VEDA \u00e9 um Hino a Agni, visto aqui como o Ser Supremo.<\/p>\n<p style=\"text-align: justify;\">Este magn\u00edfico Hino descreve Deus como o Criador de Todo Ser e de Tudo, trazendo ao homem tudo o que ele precisa para seu sustento e crescimento, cheio de Amor, acess\u00edvel como um Pai a quem deseja se conectar a ele.<\/p>\n<p style=\"text-align: justify;\">Podemos ver este Hino como o modelo primordial de toda ora\u00e7\u00e3o.<\/p>\n<p style=\"text-align: justify;\">\u00c9 sempre usado para invocar e louvar o Divino no in\u00edcio de tudo, como uma cerim\u00f4nia.<\/p>\n<p>&nbsp;<\/p>\n<p>Vai\u015bv\u0101mitro madhucchand\u0101\u1e25 \u1e5b\u1e63i\u1e25 | g\u0101yatr\u012b cchanda\u1e25 | agnir devat\u0101 ||<\/p>\n<p>Onde a\u0331gnim\u012b\u030e\u1e37e pu\u0331rohi\u030dta\u1e43 ya\u0331j\u00f1asya\u030d de\u0331vam \u1e5b\u0331tvijam\u030e | hot\u0101\u030era\u1e43 ratna\u0331dh\u0101ta\u030dmam \u01c1 1 \u01c1<\/p>\n<p>a\u0331gni\u1e25f p\u016brve\u030ebhi\u0331r \u1e5b\u1e63i\u030dbhi\u0331r \u012b\u1e0dyo\u0331 n\u016bta\u030dnair u\u0331ta | seu dev\u0101m\u0310 eha va\u030dk\u1e63ati \u01c1 2 \u01c1<\/p>\n<p>a\u0331gnin\u0101\u030e ra\u0331yim a\u030d\u015bnava\u0331t po\u1e63a\u030dm e\u0331va di\u0331ve-di\u030dve | ya\u0331\u015basa\u1e43\u030e v\u012b\u0331rava\u030dttamam \u01c1 3 \u01c1<\/p>\n<p>agne\u0331 ya\u1e43 ya\u0331j\u00f1am a\u030ddhva\u0331ra\u1e43 vi\u0331\u015bvata\u030d\u1e25f pari\u0331bh\u016br asi\u030d | sua id de\u0331ve\u1e63u\u030d gacchati \u01c1 4 \u01c1<\/p>\n<p>a\u0331gnir hot\u0101\u030e ka\u0331vikra\u030dtu\u1e25s sa\u0331tya\u015b ci\u0331tra\u015bra\u030dvastama\u1e25a | de\u0331vo de\u0331vebhi\u0331r \u00e0 ga\u030dmat\u1d4a \u01c1 5 \u01c1<\/p>\n<p>yad a\u0331\u1e45ga d\u0101\u0331\u015bu\u1e63e\u0331 tvam agne\u030e bha\u0331dra\u1e43\u1e45 ka\u030dri\u0331\u1e63yasi\u030d | tavet tat sa\u0331tyam a\u1e45\u030egira\u1e25a \u01c1 6 \u01c1<\/p>\n<p>upa\u030d tv\u0101gne di\u0331ve-di\u030dve\u0331 do\u1e63\u0101\u030evastar dhi\u0331y\u0101 va\u0331yam | namo\u0331 bharan\u030eta\u0331 ema\u030dsi \u01c1 7 \u01c1<\/p>\n<p>r\u0101jan\u030etam adhva\u0331r\u0101\u1e47\u0101\u030e\u1e43\u1e45 go\u0331p\u0101m \u1e5f\u0323tasya\u0331 d\u012bdi\u030dvim | vardha\u030dm\u0101na\u0331\u1e43 sve dame\u030e \u01c1 8 \u01c1<\/p>\n<p>his na\u030d\u1e25f pi\u0331teva\u030d s\u016b\u0331nave\u2019gne\u030e s\u016bp\u0101ya\u0331no bha\u030dva | saca\u030dsv\u0101 na\u1e25s sva\u0331staye\u030e \u01c1 9 \u01c1<\/p>\n<p style=\"text-align: center;\">V\u00eddeo:<br \/>\n<iframe loading=\"lazy\" src=\"https:\/\/www.youtube.com\/embed\/YQzUO43D60c\" width=\"560\" height=\"315\" frameborder=\"0\" allowfullscreen=\"allowfullscreen\"><\/iframe><\/p>\n","protected":false},"excerpt":{"rendered":"<p>O primeiro Hino (1,1) de \u1e5aG VEDA \u00e9 um Hino a Agni, visto aqui como o Ser Supremo. Este magn\u00edfico Hino descreve Deus como o Criador de Todo Ser e de Tudo, trazendo ao homem tudo o que ele precisa<\/p>\n","protected":false},"author":1,"featured_media":0,"parent":0,"menu_order":0,"comment_status":"closed","ping_status":"closed","template":"","meta":[],"_links":{"self":[{"href":"https:\/\/tathatavrindham-brasil.com.br\/site\/wp-json\/wp\/v2\/pages\/467"}],"collection":[{"href":"https:\/\/tathatavrindham-brasil.com.br\/site\/wp-json\/wp\/v2\/pages"}],"about":[{"href":"https:\/\/tathatavrindham-brasil.com.br\/site\/wp-json\/wp\/v2\/types\/page"}],"author":[{"embeddable":true,"href":"https:\/\/tathatavrindham-brasil.com.br\/site\/wp-json\/wp\/v2\/users\/1"}],"replies":[{"embeddable":true,"href":"https:\/\/tathatavrindham-brasil.com.br\/site\/wp-json\/wp\/v2\/comments?post=467"}],"version-history":[{"count":9,"href":"https:\/\/tathatavrindham-brasil.com.br\/site\/wp-json\/wp\/v2\/pages\/467\/revisions"}],"predecessor-version":[{"id":661,"href":"https:\/\/tathatavrindham-brasil.com.br\/site\/wp-json\/wp\/v2\/pages\/467\/revisions\/661"}],"wp:attachment":[{"href":"https:\/\/tathatavrindham-brasil.com.br\/site\/wp-json\/wp\/v2\/media?parent=467"}],"curies":[{"name":"wp","href":"https:\/\/api.w.org\/{rel}","templated":true}]}}