{"id":469,"date":"2020-08-21T15:26:47","date_gmt":"2020-08-21T18:26:47","guid":{"rendered":"http:\/\/tathatavrindham-brasil.com.br\/site\/?page_id=469"},"modified":"2020-09-05T21:07:54","modified_gmt":"2020-09-06T00:07:54","slug":"sri-rudra-suktam","status":"publish","type":"page","link":"https:\/\/tathatavrindham-brasil.com.br\/site\/sri-rudra-suktam\/","title":{"rendered":"\u015ar\u012b Rudra Suktam"},"content":{"rendered":"<p style=\"text-align: justify;\"><strong><span style=\"font-family: arial, helvetica, sans-serif; font-size: 14pt;\">Hino \u015ar\u012b Rudra<\/span>\u00a0<\/strong><\/p>\n<p style=\"text-align: justify;\"><img decoding=\"async\" loading=\"lazy\" class=\"alignleft wp-image-662 \" src=\"http:\/\/tathatavrindham-brasil.com.br\/site\/wp-content\/uploads\/2020\/08\/SriRudra-194x300.jpg\" alt=\"Sri Rudra\" width=\"270\" height=\"417\" srcset=\"https:\/\/tathatavrindham-brasil.com.br\/site\/wp-content\/uploads\/2020\/08\/SriRudra-194x300.jpg 194w, https:\/\/tathatavrindham-brasil.com.br\/site\/wp-content\/uploads\/2020\/08\/SriRudra.jpg 500w\" sizes=\"(max-width: 270px) 100vw, 270px\" \/><span style=\"font-family: arial, helvetica, sans-serif;\">O <strong>\u015ar\u012b Rudra<\/strong>\u00a0\u00e9 um hino v\u00e9dico ou canto, em homenagem a Rudra (um ep\u00edteto de Shiva) tirado do <em>Taittiriya Samhita de Krishna Yajurveda<\/em> (2\u00aa cole\u00e7\u00e3o dos Vedas). \u00c9 um longo hino v\u00e9dico cuja fun\u00e7\u00e3o \u00e9 pacificar toda agita\u00e7\u00e3o e viol\u00eancia, sendo de nossas pr\u00f3prias tend\u00eancias ou as for\u00e7as e influ\u00eancia externas. De acordo com a tradi\u00e7\u00e3o, \u015ar\u012b Rudra tem a habilidade, quando recitado o suficiente, de parar ou diminuir desastres naturais ou causados pelo homem.<\/span><\/p>\n<p style=\"text-align: justify;\"><span style=\"font-family: arial, helvetica, sans-serif;\">Rudra \u00e9 o deus do vento, das tempestades e da ca\u00e7ada. \u015ar\u012b Rudra \u00e9 derivado do s\u00e2nscrito \u015ar\u012b, que significa &#8220;radiante&#8221; ou &#8220;auspicioso&#8221;, e \u00e9 frequentemente usado como um t\u00edtulo de respeito e Rudra que significa &#8220;uivar&#8221; ou &#8220;rugir&#8221;.<\/span><\/p>\n<p>&nbsp;<\/p>\n<p style=\"text-align: justify;\"><strong><span style=\"font-family: arial, helvetica, sans-serif;\">O \u015ar\u012b Rudra \u00e9 dividido em 2 partes:<\/span><\/strong><\/p>\n<p><span style=\"font-family: arial, helvetica, sans-serif;\"><strong>Namakam<\/strong>, em outras palavras, o que deve ser abandonado. Recitar o Namakam significa: eu renuncio ao negativo, \u00e0 viol\u00eancia, e essa ren\u00fancia pelo som do Mantra tem um efeito global.<\/span><\/p>\n<p><span style=\"font-family: arial, helvetica, sans-serif;\"><strong>Camakam<\/strong> (pronuncia-se <strong>Chamakam<\/strong>), o que pedimos a Deus. Recitar o<strong> Camakam<\/strong> significa: Quero viver uma Vida mais pr\u00f3xima de Deus, com qualidades Divinas, em Sabedoria Espiritual, e que essa possibilidade seja estendida a quem assim o desejar.<\/span><\/p>\n<p><iframe loading=\"lazy\" src=\"https:\/\/www.youtube.com\/embed\/hGW6zHxy5Co\" width=\"560\" height=\"315\" frameborder=\"0\" allowfullscreen=\"allowfullscreen\"><\/iframe><\/p>\n<p><span style=\"font-family: arial, helvetica, sans-serif;\">Este \u00e1udio foi gravado durante o grande ritual v\u00e9dico ao Fogo Sagrado, o Dharmas\u016bya Mah\u0101y\u0101ga de 2014, pelos monges do Ashram de Sri Tath\u0101ta.<\/span><\/p>\n","protected":false},"excerpt":{"rendered":"<p>Hino \u015ar\u012b Rudra\u00a0 O \u015ar\u012b Rudra\u00a0\u00e9 um hino v\u00e9dico ou canto, em homenagem a Rudra (um ep\u00edteto de Shiva) tirado do Taittiriya Samhita de Krishna Yajurveda (2\u00aa cole\u00e7\u00e3o dos Vedas). \u00c9 um longo hino v\u00e9dico cuja fun\u00e7\u00e3o \u00e9 pacificar toda<\/p>\n","protected":false},"author":1,"featured_media":0,"parent":0,"menu_order":0,"comment_status":"closed","ping_status":"closed","template":"","meta":[],"_links":{"self":[{"href":"https:\/\/tathatavrindham-brasil.com.br\/site\/wp-json\/wp\/v2\/pages\/469"}],"collection":[{"href":"https:\/\/tathatavrindham-brasil.com.br\/site\/wp-json\/wp\/v2\/pages"}],"about":[{"href":"https:\/\/tathatavrindham-brasil.com.br\/site\/wp-json\/wp\/v2\/types\/page"}],"author":[{"embeddable":true,"href":"https:\/\/tathatavrindham-brasil.com.br\/site\/wp-json\/wp\/v2\/users\/1"}],"replies":[{"embeddable":true,"href":"https:\/\/tathatavrindham-brasil.com.br\/site\/wp-json\/wp\/v2\/comments?post=469"}],"version-history":[{"count":23,"href":"https:\/\/tathatavrindham-brasil.com.br\/site\/wp-json\/wp\/v2\/pages\/469\/revisions"}],"predecessor-version":[{"id":859,"href":"https:\/\/tathatavrindham-brasil.com.br\/site\/wp-json\/wp\/v2\/pages\/469\/revisions\/859"}],"wp:attachment":[{"href":"https:\/\/tathatavrindham-brasil.com.br\/site\/wp-json\/wp\/v2\/media?parent=469"}],"curies":[{"name":"wp","href":"https:\/\/api.w.org\/{rel}","templated":true}]}}