{"id":476,"date":"2020-08-21T15:28:00","date_gmt":"2020-08-21T18:28:00","guid":{"rendered":"http:\/\/tathatavrindham-brasil.com.br\/site\/?page_id=476"},"modified":"2020-08-25T11:53:11","modified_gmt":"2020-08-25T14:53:11","slug":"os-yajnas","status":"publish","type":"page","link":"https:\/\/tathatavrindham-brasil.com.br\/site\/os-yajnas\/","title":{"rendered":"Os Yajnas"},"content":{"rendered":"<p style=\"text-align: justify;\"><em>&#8220;Portanto, durante a primeira Yuga (Era) &#8211; que leva o nome de \u0101di Yuga, grandes seres vieram para fazer asceses na Terra: por meio de sua imensa for\u00e7a de vontade e capacidade de visualiza\u00e7\u00e3o, eles plantaram a semente do futuro para permitir que o planeta se desenvolvesse da maneira certa dentro do Universo. Foi no Yuga seguinte ou Tret\u0101 Yuga &#8211; que os Yajnas nasceram. Os Rishis fizeram Vajnas (Rituais ao Fogo Sagrado) para espalhar o Dharma por entre os Seres Humanos. O modo de vida da humanidade de que estamos falando surgiu de um n\u00edvel de consci\u00eancia muito baixo e os tempos n\u00e3o estavam maduros para a introdu\u00e7\u00e3o de princ\u00edpios Dh\u00e1rmicos. Os Rishis, tendo compreendido isso, ofereceram esses Yajnas ao Fogo Sagrado em nome dos Seres Humanos, orando pelo bem-estar e prosperidade do Mundo. Eles sabiam que as vibra\u00e7\u00f5es geradas pelos Yajnas sem d\u00favida levariam \u00e0 transforma\u00e7\u00e3o gradual da Mente Humana e do Universo.\u201d<\/em><\/p>\n<p style=\"text-align: right;\">Trecho do Dharmayanam, Sri Tathata,<br \/>\nLumi\u00e8re du Dharma Editions, cap\u00edtulo 15 \u2013 Em franc\u00eas<\/p>\n<p><strong>Yajna<\/strong><\/p>\n<p style=\"text-align: justify;\">\u00c9 um processo de oferendas ao Fogo Sagrado acompanhado pela recita\u00e7\u00e3o de Hinos V\u00e9dicos.<\/p>\n<p><img decoding=\"async\" loading=\"lazy\" class=\"aligncenter size-full wp-image-671\" src=\"http:\/\/tathatavrindham-brasil.com.br\/site\/wp-content\/uploads\/2020\/08\/yajnas.jpg\" alt=\"Yajnas\" width=\"1140\" height=\"608\" srcset=\"https:\/\/tathatavrindham-brasil.com.br\/site\/wp-content\/uploads\/2020\/08\/yajnas.jpg 1140w, https:\/\/tathatavrindham-brasil.com.br\/site\/wp-content\/uploads\/2020\/08\/yajnas-300x160.jpg 300w, https:\/\/tathatavrindham-brasil.com.br\/site\/wp-content\/uploads\/2020\/08\/yajnas-1024x546.jpg 1024w, https:\/\/tathatavrindham-brasil.com.br\/site\/wp-content\/uploads\/2020\/08\/yajnas-768x410.jpg 768w\" sizes=\"(max-width: 1140px) 100vw, 1140px\" \/><\/p>\n<p style=\"text-align: justify;\">\u00c9 um conjunto de rituais que foi codificado na Era V\u00e9dica. Um Mah\u0101y\u0101ga (Grande Yajna) ocorre quando um s\u00e1bio e as autoridades temporais de um pa\u00eds concordam com a necessidade de reequilibrar as For\u00e7as da Natureza e da Mente Humana.<\/p>\n<p style=\"text-align: justify;\">Essa converg\u00eancia do espiritual e do temporal d\u00e1 ao Mah\u0101y\u0101ga um raro poder de influenciar positivamente o Bem-Estar da Humanidade.<\/p>\n","protected":false},"excerpt":{"rendered":"<p>&#8220;Portanto, durante a primeira Yuga (Era) &#8211; que leva o nome de \u0101di Yuga, grandes seres vieram para fazer asceses na Terra: por meio de sua imensa for\u00e7a de vontade e capacidade de visualiza\u00e7\u00e3o, eles plantaram a semente do futuro<\/p>\n","protected":false},"author":1,"featured_media":0,"parent":0,"menu_order":0,"comment_status":"closed","ping_status":"closed","template":"","meta":[],"_links":{"self":[{"href":"https:\/\/tathatavrindham-brasil.com.br\/site\/wp-json\/wp\/v2\/pages\/476"}],"collection":[{"href":"https:\/\/tathatavrindham-brasil.com.br\/site\/wp-json\/wp\/v2\/pages"}],"about":[{"href":"https:\/\/tathatavrindham-brasil.com.br\/site\/wp-json\/wp\/v2\/types\/page"}],"author":[{"embeddable":true,"href":"https:\/\/tathatavrindham-brasil.com.br\/site\/wp-json\/wp\/v2\/users\/1"}],"replies":[{"embeddable":true,"href":"https:\/\/tathatavrindham-brasil.com.br\/site\/wp-json\/wp\/v2\/comments?post=476"}],"version-history":[{"count":12,"href":"https:\/\/tathatavrindham-brasil.com.br\/site\/wp-json\/wp\/v2\/pages\/476\/revisions"}],"predecessor-version":[{"id":774,"href":"https:\/\/tathatavrindham-brasil.com.br\/site\/wp-json\/wp\/v2\/pages\/476\/revisions\/774"}],"wp:attachment":[{"href":"https:\/\/tathatavrindham-brasil.com.br\/site\/wp-json\/wp\/v2\/media?parent=476"}],"curies":[{"name":"wp","href":"https:\/\/api.w.org\/{rel}","templated":true}]}}