{"id":481,"date":"2020-08-21T15:29:18","date_gmt":"2020-08-21T18:29:18","guid":{"rendered":"http:\/\/tathatavrindham-brasil.com.br\/site\/?page_id=481"},"modified":"2021-10-16T07:39:15","modified_gmt":"2021-10-16T10:39:15","slug":"retiros","status":"publish","type":"page","link":"https:\/\/tathatavrindham-brasil.com.br\/site\/retiros\/","title":{"rendered":"Retiros"},"content":{"rendered":"<p style=\"text-align: justify;\"><span style=\"font-size: 14pt;\"><strong>Retiro V\u00e9dico<\/strong><\/span><\/p>\n<p><img decoding=\"async\" loading=\"lazy\" class=\"aligncenter size-large wp-image-1016\" src=\"http:\/\/tathatavrindham-brasil.com.br\/site\/wp-content\/uploads\/2021\/10\/Terca-feira-0604-as-15h30-3-2-1024x576.png\" alt=\"\" width=\"720\" height=\"405\" srcset=\"https:\/\/tathatavrindham-brasil.com.br\/site\/wp-content\/uploads\/2021\/10\/Terca-feira-0604-as-15h30-3-2-1024x576.png 1024w, https:\/\/tathatavrindham-brasil.com.br\/site\/wp-content\/uploads\/2021\/10\/Terca-feira-0604-as-15h30-3-2-300x169.png 300w, https:\/\/tathatavrindham-brasil.com.br\/site\/wp-content\/uploads\/2021\/10\/Terca-feira-0604-as-15h30-3-2-768x432.png 768w, https:\/\/tathatavrindham-brasil.com.br\/site\/wp-content\/uploads\/2021\/10\/Terca-feira-0604-as-15h30-3-2.png 1280w\" sizes=\"(max-width: 720px) 100vw, 720px\" \/><\/p>\n<p style=\"text-align: justify;\"><strong>Entrar em comunh\u00e3o com nossa Natureza Divina, preencher-se de Paz e irradiar Luz e Felicidade<\/strong><\/p>\n<p>A Associa\u00e7\u00e3o Tath\u0101ta Vrindham Brasil convida<\/p>\n<p>Dias 23 e 24 de outubro de 2021<\/p>\n<p>S\u00e1bado e domingo &#8211; das 9h \u00e0s 11h<\/p>\n<p><strong>Para um Retiro V\u00e9dico on-line<\/strong><\/p>\n<p>Estes retiros s\u00e3o momentos de grande conex\u00e3o com a \u00cdndia, sua Tradi\u00e7\u00e3o e sua Energia.<\/p>\n<p>A Tradi\u00e7\u00e3o V\u00e9dica nos permite compreender o importante papel do Ser Humano na evolu\u00e7\u00e3o do Planeta e nos d\u00e1 ferramentas para apoiar-nos em nosso caminho.<\/p>\n<p>Durante os retiros praticamos diversas t\u00e9cnicas desta Tradi\u00e7\u00e3o Milenar Indiana, como mantras e respira\u00e7\u00f5es (pranayamas), que podem ser utilizadas por todos, nos auxiliando na transforma\u00e7\u00e3o do nosso cotidiano e nos levando a alcan\u00e7ar cada vez mais Paz e Felicidade.<\/p>\n<p>Sugerimos aos participantes cuidados especiais com sua alimenta\u00e7\u00e3o durante o retiro, isto auxilia a aten\u00e7\u00e3o e a conex\u00e3o.<\/p>\n<p>Se poss\u00edvel a partir da sexta-feira, ou mesmo antes e at\u00e9 o final do retiro, evitar de ingerir carnes, peixes, a\u00e7\u00facar branco e gl\u00faten.<\/p>\n<p>Esta seria a alimenta\u00e7\u00e3o adotada se tiv\u00e9ssemos a possibilidade de termos um retiro presencial.<\/p>\n<p><strong>Este retiro \u00e9 gratuito<\/strong>.<\/p>\n<p class=\"_04xlpA direction-ltr align-start para-style-body\"><strong>Acesso via ZOOM:<\/strong> \u00a0\u00a0 <a href=\"https:\/\/bit.ly\/retirovedico\" target=\"_blank\" rel=\"noopener noreferrer\"><em><span class=\"JsGRdQ\">https:\/\/bit.ly\/retirovedico<\/span><\/em><\/a><\/p>\n<p><strong>senha:<\/strong> 123456<\/p>\n<p><strong>Alguns links para nosso canal YouTube:<\/strong><\/p>\n<ul>\n<li>Aprendendo a G\u0101yatr\u012b mantra: \u00a0\u00a0<em>\u00a0<a href=\"https:\/\/youtu.be\/EMTOM5VXpNY\">https:\/\/youtu.be\/EMTOM5VXpNY<\/a><\/em><\/li>\n<li>Praticando a G\u0101yatr\u012b mantra: \u00a0\u00a0<em>\u00a0<a href=\"https:\/\/youtu.be\/8R6pIwPkPJg\">https:\/\/youtu.be\/8R6pIwPkPJg<\/a><\/em><\/li>\n<li>Sri Rudra Namakam:\u00a0\u00a0 \u00a0<em><a href=\"https:\/\/youtu.be\/hGW6zHxy5Co\">https:\/\/youtu.be\/hGW6zHxy5Co<\/a><\/em><\/li>\n<\/ul>\n<p>Se voc\u00ea ainda n\u00e3o conhece o grande mantra da G\u0101yatr\u012b, m\u00e3e dos mantras, mantra de ilumina\u00e7\u00e3o, esta \u00e9 uma oportunidade.<\/p>\n<p>O Sri Rudra pode ser ouvido em estado meditativo durante a tarde do retiro e mesmo antes se voc\u00ea desejar.<\/p>\n<p style=\"text-align: center;\">\n","protected":false},"excerpt":{"rendered":"<p>Retiro V\u00e9dico Entrar em comunh\u00e3o com nossa Natureza Divina, preencher-se de Paz e irradiar Luz e Felicidade A Associa\u00e7\u00e3o Tath\u0101ta Vrindham Brasil convida Dias 23 e 24 de outubro de 2021 S\u00e1bado e domingo &#8211; das 9h \u00e0s 11h Para<\/p>\n","protected":false},"author":1,"featured_media":861,"parent":0,"menu_order":0,"comment_status":"closed","ping_status":"closed","template":"","meta":[],"_links":{"self":[{"href":"https:\/\/tathatavrindham-brasil.com.br\/site\/wp-json\/wp\/v2\/pages\/481"}],"collection":[{"href":"https:\/\/tathatavrindham-brasil.com.br\/site\/wp-json\/wp\/v2\/pages"}],"about":[{"href":"https:\/\/tathatavrindham-brasil.com.br\/site\/wp-json\/wp\/v2\/types\/page"}],"author":[{"embeddable":true,"href":"https:\/\/tathatavrindham-brasil.com.br\/site\/wp-json\/wp\/v2\/users\/1"}],"replies":[{"embeddable":true,"href":"https:\/\/tathatavrindham-brasil.com.br\/site\/wp-json\/wp\/v2\/comments?post=481"}],"version-history":[{"count":27,"href":"https:\/\/tathatavrindham-brasil.com.br\/site\/wp-json\/wp\/v2\/pages\/481\/revisions"}],"predecessor-version":[{"id":1021,"href":"https:\/\/tathatavrindham-brasil.com.br\/site\/wp-json\/wp\/v2\/pages\/481\/revisions\/1021"}],"wp:featuredmedia":[{"embeddable":true,"href":"https:\/\/tathatavrindham-brasil.com.br\/site\/wp-json\/wp\/v2\/media\/861"}],"wp:attachment":[{"href":"https:\/\/tathatavrindham-brasil.com.br\/site\/wp-json\/wp\/v2\/media?parent=481"}],"curies":[{"name":"wp","href":"https:\/\/api.w.org\/{rel}","templated":true}]}}