{"id":488,"date":"2020-08-21T15:30:31","date_gmt":"2020-08-21T18:30:31","guid":{"rendered":"http:\/\/tathatavrindham-brasil.com.br\/site\/?page_id=488"},"modified":"2020-08-25T11:55:52","modified_gmt":"2020-08-25T14:55:52","slug":"contato-3","status":"publish","type":"page","link":"https:\/\/tathatavrindham-brasil.com.br\/site\/contato-3\/","title":{"rendered":"Contato"},"content":{"rendered":"<p style=\"text-align: justify;\"><strong>Associa\u00e7\u00e3o Tath\u0101ta Vrindham Brasil<br \/>\n<\/strong>Representa oficialmente <strong>\u015ar\u012b Tath\u0101ta<\/strong> no Brasil e est\u00e1 em conex\u00e3o permanente com o <strong>Ashram da \u00cdndia. <\/strong>Ela tem por objetivo divulgar os seus ensinamentos no Brasil e na Am\u00e9rica do Sul, atrav\u00e9s de encontros, Medita\u00e7\u00f5es, confer\u00eancias, retiros, etc.<\/p>\n<p style=\"text-align: justify;\"><strong>Andr\u00e9a Elias<br \/>\n<\/strong>Terapeuta, \u00e9 a representante de <strong>\u015ar\u012b Tath\u0101ta<\/strong> no Brasil e fundadora da Associa\u00e7\u00e3o Tath\u0101ta Vrindham Brasil.<\/p>\n<p style=\"text-align: justify;\"><strong>Contatos<\/strong><\/p>\n<p style=\"color: #821125;\"><a style=\"color: #821125;\" href=\"https:\/\/web.whatsapp.com\/send?phone=+5511996329299&amp;text=Ol%C3%A1,%20eu%20gostaria%20de%20saber%20mais%20sobre%20o%20Tathata%20Vrindham%20Brasil!\" target=\"_blank\" rel=\"noopener noreferrer\"><i class=\"fa fa-whatsapp fa-2x\"><\/i> Whatsapp <i class=\"fa fa-laptop\"><\/i><\/a><\/p>\n<p style=\"color: #821125;\"><a class=\"fw-btn fw-btn-full fw-btn-md fw-btn-1\" style=\"outline: none;\" href=\"whatsapp:\/\/send?phone=+5511996329299abid=username&amp;text=Ol%C3%A1,%20eu%20gostaria%20de%20saber%20mais%20sobre%20o%20Tathata%20Vrindham%20Brasil!\"><span style=\"color: #821125;\"><i class=\"fa fa-whatsapp fa-2x\"><\/i> Whatsapp <i class=\"fa fa-phone\"><\/i><\/span><\/a><\/p>\n<p><i class=\"fa fa-phone\"> <\/i> +55 11 99632-9299<\/p>\n<p><a class=\"\" href=\"mailto: dharmavedam.brasil@gmail.com\"><i class=\"fa fa-envelope-o\"> <\/i> dharmavedam.brasil@gmail.com<\/a><\/p>\n","protected":false},"excerpt":{"rendered":"<p>Associa\u00e7\u00e3o Tath\u0101ta Vrindham Brasil Representa oficialmente \u015ar\u012b Tath\u0101ta no Brasil e est\u00e1 em conex\u00e3o permanente com o Ashram da \u00cdndia. Ela tem por objetivo divulgar os seus ensinamentos no Brasil e na Am\u00e9rica do Sul, atrav\u00e9s de encontros, Medita\u00e7\u00f5es, confer\u00eancias,<\/p>\n","protected":false},"author":1,"featured_media":0,"parent":0,"menu_order":0,"comment_status":"closed","ping_status":"closed","template":"","meta":[],"_links":{"self":[{"href":"https:\/\/tathatavrindham-brasil.com.br\/site\/wp-json\/wp\/v2\/pages\/488"}],"collection":[{"href":"https:\/\/tathatavrindham-brasil.com.br\/site\/wp-json\/wp\/v2\/pages"}],"about":[{"href":"https:\/\/tathatavrindham-brasil.com.br\/site\/wp-json\/wp\/v2\/types\/page"}],"author":[{"embeddable":true,"href":"https:\/\/tathatavrindham-brasil.com.br\/site\/wp-json\/wp\/v2\/users\/1"}],"replies":[{"embeddable":true,"href":"https:\/\/tathatavrindham-brasil.com.br\/site\/wp-json\/wp\/v2\/comments?post=488"}],"version-history":[{"count":29,"href":"https:\/\/tathatavrindham-brasil.com.br\/site\/wp-json\/wp\/v2\/pages\/488\/revisions"}],"predecessor-version":[{"id":777,"href":"https:\/\/tathatavrindham-brasil.com.br\/site\/wp-json\/wp\/v2\/pages\/488\/revisions\/777"}],"wp:attachment":[{"href":"https:\/\/tathatavrindham-brasil.com.br\/site\/wp-json\/wp\/v2\/media?parent=488"}],"curies":[{"name":"wp","href":"https:\/\/api.w.org\/{rel}","templated":true}]}}