{"id":490,"date":"2020-08-21T15:30:54","date_gmt":"2020-08-21T18:30:54","guid":{"rendered":"http:\/\/tathatavrindham-brasil.com.br\/site\/?page_id=490"},"modified":"2021-05-26T11:14:27","modified_gmt":"2021-05-26T14:14:27","slug":"as-sanghas-no-mundo","status":"publish","type":"page","link":"https:\/\/tathatavrindham-brasil.com.br\/site\/as-sanghas-no-mundo\/","title":{"rendered":"As Sanghas no mundo"},"content":{"rendered":"<p style=\"text-align: justify;\"><strong>Sangha<\/strong> significa comunidade e mais especificamente Comunidade Espiritual. Grupos de pessoas tendo a mesma Pr\u00e1tica Espiritual se encontram para praticarem juntos e oferecerem pr\u00e1ticas, retiros, conferencias, etc.<\/p>\n<p><strong>\u015ar\u012b Tath\u0101ta no Mundo todo.<\/strong><\/p>\n<ul>\n<li><strong class=\"_3Whw5 selectable-text invisible-space copyable-text\" data-app-text-template=\"*${appText}*\">Na \u00cdndia:<\/strong><br \/>\n<a class=\"_3Whw5 selectable-text invisible-space copyable-text\" title=\"http:\/\/sritathata.org\" href=\"http:\/\/sritathata.org\" target=\"_blank\" rel=\"noopener noreferrer\">http:\/\/sritathata.org<\/a><\/li>\n<li><strong class=\"_3Whw5 selectable-text invisible-space copyable-text\" data-app-text-template=\"*${appText}*\">No Canad\u00e1:<\/strong><br \/>\n<a class=\"_3Whw5 selectable-text invisible-space copyable-text\" title=\"http:\/\/www.dharmacanada.info\" href=\"http:\/\/www.dharmacanada.info\" target=\"_blank\" rel=\"noopener noreferrer\">http:\/\/www.dharmacanada.info<\/a><\/li>\n<li><strong class=\"_3Whw5 selectable-text invisible-space copyable-text\" data-app-text-template=\"*${appText}*\">Nos Estados Unidos:<\/strong><br \/>\n<a class=\"_3Whw5 selectable-text invisible-space copyable-text\" title=\"http:\/\/www.pathofdharma.org\" href=\"http:\/\/www.pathofdharma.org\" target=\"_blank\" rel=\"noopener noreferrer\">www.pathofdharma.org<\/a><\/li>\n<li><strong class=\"_3Whw5 selectable-text invisible-space copyable-text\" data-app-text-template=\"*${appText}*\">Na Fran\u00e7a:<br \/>\n<\/strong><a href=\"https:\/\/www.tathatafrance.org\/\" target=\"_blank\" rel=\"noopener noreferrer\">www.tathatafrance.org<\/a><br \/>\n<a class=\"_3Whw5 selectable-text invisible-space copyable-text\" title=\"http:\/\/namaskaram.org\" href=\"http:\/\/namaskaram.org\" target=\"_blank\" rel=\"noopener noreferrer\">www.namaskaram.org<\/a><br \/>\n<a class=\"_3Whw5 selectable-text invisible-space copyable-text\" title=\"http:\/\/www.tathatavrindham-nantes.org\" href=\"http:\/\/www.tathatavrindham-nantes.org\" target=\"_blank\" rel=\"noopener noreferrer\">www.tathatavrindham-nantes.org<\/a><br \/>\n<a class=\"_3Whw5 selectable-text invisible-space copyable-text\" title=\"http:\/\/www.dharma-auvergne.com\" href=\"http:\/\/www.dharma-auvergne.com\" target=\"_blank\" rel=\"noopener noreferrer\">www.dharma-auvergne.com<\/a><br \/>\n<a class=\"_3Whw5 selectable-text invisible-space copyable-text\" title=\"http:\/\/www.tathatavrindham-sudouest.org\" href=\"http:\/\/www.tathatavrindham-sudouest.org\" target=\"_blank\" rel=\"noopener noreferrer\">www.tathatavrindham-sudouest.org<\/a><br \/>\n<a class=\"_3Whw5 selectable-text invisible-space copyable-text\" title=\"http:\/\/www.tathata-vrindham-toulouse.org\" href=\"http:\/\/www.tathata-vrindham-toulouse.org\" target=\"_blank\" rel=\"noopener noreferrer\">www.tathata-vrindham-toulouse.org<\/a><br \/>\n<a class=\"_3Whw5 selectable-text invisible-space copyable-text\" title=\"http:\/\/www.tathatavrindham-nimescevennes.org\" href=\"http:\/\/www.tathatavrindham-nimescevennes.org\" target=\"_blank\" rel=\"noopener noreferrer\">www.tathatavrindham-nimescevennes.org<\/a><br \/>\n<a class=\"_3Whw5 selectable-text invisible-space copyable-text\" title=\"http:\/\/www.dharmasudest.net\" href=\"http:\/\/www.dharmasudest.net\" target=\"_blank\" rel=\"noopener noreferrer\">www.dharmasudest.net<\/a><br \/>\n<a class=\"_3Whw5 selectable-text invisible-space copyable-text\" title=\"http:\/\/www.dharmasudha.org\" href=\"http:\/\/www.dharmasudha.org\" target=\"_blank\" rel=\"noopener noreferrer\">www.dharmasudha.org<\/a><\/li>\n<li><strong class=\"_3Whw5 selectable-text invisible-space copyable-text\" data-app-text-template=\"*${appText}*\">Na It\u00e1lia:<\/strong><br \/>\n<a class=\"_3Whw5 selectable-text invisible-space copyable-text\" title=\"http:\/\/www.rinascitadeldharma.org\" href=\"http:\/\/www.rinascitadeldharma.org\" target=\"_blank\" rel=\"noopener noreferrer\">www.rinascitadeldharma.org<\/a><\/li>\n<li><strong class=\"_3Whw5 selectable-text invisible-space copyable-text\" data-app-text-template=\"*${appText}*\">Na Su\u00ed\u00e7a:<\/strong><br \/>\n<a class=\"_3Whw5 selectable-text invisible-space copyable-text\" title=\"http:\/\/www.tathatavrindham-suisse.com\" href=\"http:\/\/www.tathatavrindham-suisse.com\" target=\"_blank\" rel=\"noopener noreferrer\">www.tathatavrindham-suisse.com<\/a><\/li>\n<li><strong class=\"_3Whw5 selectable-text invisible-space copyable-text\" data-app-text-template=\"*${appText}*\">Na Alemanha:<\/strong><br \/>\n<a class=\"_3Whw5 selectable-text invisible-space copyable-text\" title=\"http:\/\/www.tathatavrindham.de\" href=\"http:\/\/www.tathatavrindham.de\" target=\"_blank\" rel=\"noopener noreferrer\">www.tathatavrindham.de<\/a><\/li>\n<li><strong class=\"_3Whw5 selectable-text invisible-space copyable-text\" data-app-text-template=\"*${appText}*\">Parceiros Brasileiros<\/strong><br \/>\n<a class=\"_3Whw5 selectable-text invisible-space copyable-text\" title=\"http:\/\/kakawera.blogspot.com\" href=\"http:\/\/kakawera.blogspot.com\" target=\"_blank\" rel=\"noopener noreferrer\">http:\/\/kakawera.blogspot.com<\/a><br \/>\n<a class=\"_3Whw5 selectable-text invisible-space copyable-text\" title=\"http:\/\/www.unipazdf.org.br\/\" href=\"http:\/\/www.unipazdf.org.br\/\" target=\"_blank\" rel=\"noopener noreferrer\">http:\/\/www.unipazdf.org.br\/<\/a><br \/>\n<a class=\"_3Whw5 selectable-text invisible-space copyable-text\" title=\"http:\/\/www.unipazsp.org.br\" href=\"http:\/\/www.unipazsp.org.br\" target=\"_blank\" rel=\"noopener noreferrer\">http:\/\/www.unipazsp.org.br<\/a><br \/>\n<a class=\"_3Whw5 selectable-text invisible-space copyable-text\" title=\"http:\/\/urusvati.org.br\" href=\"http:\/\/urusvati.org.br\" target=\"_blank\" rel=\"noopener noreferrer\">http:\/\/urusvati.org.br<\/a><br \/>\n<a class=\"_3Whw5 selectable-text invisible-space copyable-text\" title=\"http:\/\/www.casadasreligioesunidas.org.br\" href=\"http:\/\/www.casadasreligioesunidas.org.br\" target=\"_blank\" rel=\"noopener noreferrer\">http:\/\/www.casadasreligioesunidas.org.br<\/a><br \/>\n<a class=\"_3Whw5 selectable-text invisible-space copyable-text\" title=\"http:\/\/www.brahmakumaris.org\" href=\"http:\/\/www.brahmakumaris.org\" target=\"_blank\" rel=\"noopener noreferrer\">http:\/\/www.brahmakumaris.org<\/a><\/li>\n<li><strong class=\"_3Whw5 selectable-text invisible-space copyable-text\" data-app-text-template=\"*${appText}*\">Parceiros Franceses<\/strong><br \/>\n<a class=\"_3Whw5 selectable-text invisible-space copyable-text\" title=\"http:\/\/arapoty-institut.com\" href=\"http:\/\/arapoty-institut.com\" target=\"_blank\" rel=\"noopener noreferrer\">http:\/\/arapoty-institut.com<\/a><br \/>\n<a class=\"_3Whw5 selectable-text invisible-space copyable-text\" title=\"http:\/\/www.tathatavrindham-nimescevennes.org\" href=\"http:\/\/www.tathatavrindham-nimescevennes.org\" target=\"_blank\" rel=\"noopener noreferrer\">www.tathatavrindham-nimescevennes.org<\/a><br \/>\n<a class=\"_3Whw5 selectable-text invisible-space copyable-text\" title=\"http:\/\/www.lesjardiniersduparadis.org\" href=\"http:\/\/www.lesjardiniersduparadis.org\" target=\"_blank\" rel=\"noopener noreferrer\">www.lesjardiniersduparadis.org<\/a><\/li>\n<\/ul>\n","protected":false},"excerpt":{"rendered":"<p>Sangha significa comunidade e mais especificamente Comunidade Espiritual. Grupos de pessoas tendo a mesma Pr\u00e1tica Espiritual se encontram para praticarem juntos e oferecerem pr\u00e1ticas, retiros, conferencias, etc. \u015ar\u012b Tath\u0101ta no Mundo todo. Na \u00cdndia: http:\/\/sritathata.org No Canad\u00e1: http:\/\/www.dharmacanada.info Nos Estados<\/p>\n","protected":false},"author":1,"featured_media":0,"parent":0,"menu_order":0,"comment_status":"closed","ping_status":"closed","template":"","meta":[],"_links":{"self":[{"href":"https:\/\/tathatavrindham-brasil.com.br\/site\/wp-json\/wp\/v2\/pages\/490"}],"collection":[{"href":"https:\/\/tathatavrindham-brasil.com.br\/site\/wp-json\/wp\/v2\/pages"}],"about":[{"href":"https:\/\/tathatavrindham-brasil.com.br\/site\/wp-json\/wp\/v2\/types\/page"}],"author":[{"embeddable":true,"href":"https:\/\/tathatavrindham-brasil.com.br\/site\/wp-json\/wp\/v2\/users\/1"}],"replies":[{"embeddable":true,"href":"https:\/\/tathatavrindham-brasil.com.br\/site\/wp-json\/wp\/v2\/comments?post=490"}],"version-history":[{"count":6,"href":"https:\/\/tathatavrindham-brasil.com.br\/site\/wp-json\/wp\/v2\/pages\/490\/revisions"}],"predecessor-version":[{"id":1001,"href":"https:\/\/tathatavrindham-brasil.com.br\/site\/wp-json\/wp\/v2\/pages\/490\/revisions\/1001"}],"wp:attachment":[{"href":"https:\/\/tathatavrindham-brasil.com.br\/site\/wp-json\/wp\/v2\/media?parent=490"}],"curies":[{"name":"wp","href":"https:\/\/api.w.org\/{rel}","templated":true}]}}