{"id":560,"date":"2020-08-22T15:34:45","date_gmt":"2020-08-22T18:34:45","guid":{"rendered":"http:\/\/tathatavrindham-brasil.com.br\/site\/?page_id=560"},"modified":"2020-08-25T11:44:34","modified_gmt":"2020-08-25T14:44:34","slug":"hinos-vedicos","status":"publish","type":"page","link":"https:\/\/tathatavrindham-brasil.com.br\/site\/hinos-vedicos\/","title":{"rendered":"Hinos V\u00e9dicos"},"content":{"rendered":"<p>Os sons Sagrados s\u00e3o importantes da perspectiva V\u00e9dica: eles t\u00eam poder intr\u00ednseco, poder Criativo.<\/p>\n<p><img decoding=\"async\" loading=\"lazy\" class=\"aligncenter size-full wp-image-654\" src=\"http:\/\/tathatavrindham-brasil.com.br\/site\/wp-content\/uploads\/2020\/08\/hinosvedicos.jpg\" alt=\"Hinos V\u00e9dicos\" width=\"1140\" height=\"608\" srcset=\"https:\/\/tathatavrindham-brasil.com.br\/site\/wp-content\/uploads\/2020\/08\/hinosvedicos.jpg 1140w, https:\/\/tathatavrindham-brasil.com.br\/site\/wp-content\/uploads\/2020\/08\/hinosvedicos-300x160.jpg 300w, https:\/\/tathatavrindham-brasil.com.br\/site\/wp-content\/uploads\/2020\/08\/hinosvedicos-1024x546.jpg 1024w, https:\/\/tathatavrindham-brasil.com.br\/site\/wp-content\/uploads\/2020\/08\/hinosvedicos-768x410.jpg 768w\" sizes=\"(max-width: 1140px) 100vw, 1140px\" \/><\/p>\n<p style=\"text-align: justify;\">Os Hinos que comp\u00f5em os Vedas s\u00e3o inteiramente compostos por esses sons ou Mantras Sagrados.<\/p>\n<p style=\"text-align: justify;\">De acordo com a tradi\u00e7\u00e3o, foram os Rishis, grandes Seres Espirituais do in\u00edcio dos tempos que tiveram a percep\u00e7\u00e3o visual e auditiva dos Mantras dos Vedas. A tradi\u00e7\u00e3o diz que a origem dos Hinos e Mantras V\u00e9dicos \u00e9 Divina e n\u00e3o fruto da mente humana. A l\u00edngua em que aparecem \u00e9 o s\u00e2nscrito, a l\u00edngua Sagrada por excel\u00eancia. A origem dos Hinos que comp\u00f5em os Vedas \u00e9 t\u00e3o antiga que qualquer data\u00e7\u00e3o \u00e9 question\u00e1vel, podemos dizer que remontam aos prim\u00f3rdios dos tempos.<\/p>\n<p style=\"text-align: justify;\">A transmiss\u00e3o dos Hinos que constituem os Vedas h\u00e1 muito \u00e9 oral. Ap\u00f3s a \u00e9poca dos Rishis, foram as escolas Bram\u00e2nicas que possibilitaram, por meio de ensinamentos de mestre a disc\u00edpulo, com base no aprendizado mec\u00e2nico desde a inf\u00e2ncia, que os Hinos V\u00e9dicos chegassem at\u00e9 n\u00f3s. Mais recentemente (s\u00e9culos antes de nossa era), os Hinos V\u00e9dicos puderam ser escritos.<\/p>\n<p style=\"text-align: justify;\">De acordo com<strong> \u015ar\u012b Tath\u0101ta<\/strong>, \u201ca fun\u00e7\u00e3o essencial dos Hinos e Mantras V\u00e9dicos \u00e9 nos ajudar a encontrar nossa pr\u00f3pria Divindade. A Divindade est\u00e1 presente em cada Ser, mas de uma forma n\u00e3o manifestada, ainda n\u00e3o desenvolvida. Os Mantras V\u00e9dicos s\u00e3o padr\u00f5es de som capazes de despertar e desenvolver a Divindade que dorme dentro de n\u00f3s e cada Mantra ou Hino tem seu pr\u00f3prio padr\u00e3o de som, sua vibra\u00e7\u00e3o particular, seu poder particular que invoca um aspecto particular da Divindade no indiv\u00edduo. Mantras e Hinos V\u00e9dicos s\u00e3o, portanto, uma ajuda muito preciosa para cada Ser Humano: ele n\u00e3o \u00e9 deixado ao seu pr\u00f3prio esfor\u00e7o individual, as For\u00e7as C\u00f3smicas o ajudam em seu desenvolvimento. &#8220;<\/p>\n","protected":false},"excerpt":{"rendered":"<p>Os sons Sagrados s\u00e3o importantes da perspectiva V\u00e9dica: eles t\u00eam poder intr\u00ednseco, poder Criativo. Os Hinos que comp\u00f5em os Vedas s\u00e3o inteiramente compostos por esses sons ou Mantras Sagrados. De acordo com a tradi\u00e7\u00e3o, foram os Rishis, grandes Seres Espirituais<\/p>\n","protected":false},"author":1,"featured_media":0,"parent":0,"menu_order":0,"comment_status":"closed","ping_status":"closed","template":"","meta":[],"_links":{"self":[{"href":"https:\/\/tathatavrindham-brasil.com.br\/site\/wp-json\/wp\/v2\/pages\/560"}],"collection":[{"href":"https:\/\/tathatavrindham-brasil.com.br\/site\/wp-json\/wp\/v2\/pages"}],"about":[{"href":"https:\/\/tathatavrindham-brasil.com.br\/site\/wp-json\/wp\/v2\/types\/page"}],"author":[{"embeddable":true,"href":"https:\/\/tathatavrindham-brasil.com.br\/site\/wp-json\/wp\/v2\/users\/1"}],"replies":[{"embeddable":true,"href":"https:\/\/tathatavrindham-brasil.com.br\/site\/wp-json\/wp\/v2\/comments?post=560"}],"version-history":[{"count":4,"href":"https:\/\/tathatavrindham-brasil.com.br\/site\/wp-json\/wp\/v2\/pages\/560\/revisions"}],"predecessor-version":[{"id":771,"href":"https:\/\/tathatavrindham-brasil.com.br\/site\/wp-json\/wp\/v2\/pages\/560\/revisions\/771"}],"wp:attachment":[{"href":"https:\/\/tathatavrindham-brasil.com.br\/site\/wp-json\/wp\/v2\/media?parent=560"}],"curies":[{"name":"wp","href":"https:\/\/api.w.org\/{rel}","templated":true}]}}