{"id":79,"date":"2020-08-19T14:54:48","date_gmt":"2020-08-19T17:54:48","guid":{"rendered":"http:\/\/tathatavrindham-brasil.com.br\/site\/?page_id=79"},"modified":"2020-08-23T13:51:46","modified_gmt":"2020-08-23T16:51:46","slug":"sri-tathata","status":"publish","type":"page","link":"https:\/\/tathatavrindham-brasil.com.br\/site\/sri-tathata\/","title":{"rendered":"\u015ar\u012b Tath\u0101ta"},"content":{"rendered":"","protected":false},"excerpt":{"rendered":"","protected":false},"author":1,"featured_media":83,"parent":0,"menu_order":0,"comment_status":"closed","ping_status":"closed","template":"","meta":[],"_links":{"self":[{"href":"https:\/\/tathatavrindham-brasil.com.br\/site\/wp-json\/wp\/v2\/pages\/79"}],"collection":[{"href":"https:\/\/tathatavrindham-brasil.com.br\/site\/wp-json\/wp\/v2\/pages"}],"about":[{"href":"https:\/\/tathatavrindham-brasil.com.br\/site\/wp-json\/wp\/v2\/types\/page"}],"author":[{"embeddable":true,"href":"https:\/\/tathatavrindham-brasil.com.br\/site\/wp-json\/wp\/v2\/users\/1"}],"replies":[{"embeddable":true,"href":"https:\/\/tathatavrindham-brasil.com.br\/site\/wp-json\/wp\/v2\/comments?post=79"}],"version-history":[{"count":21,"href":"https:\/\/tathatavrindham-brasil.com.br\/site\/wp-json\/wp\/v2\/pages\/79\/revisions"}],"predecessor-version":[{"id":593,"href":"https:\/\/tathatavrindham-brasil.com.br\/site\/wp-json\/wp\/v2\/pages\/79\/revisions\/593"}],"wp:featuredmedia":[{"embeddable":true,"href":"https:\/\/tathatavrindham-brasil.com.br\/site\/wp-json\/wp\/v2\/media\/83"}],"wp:attachment":[{"href":"https:\/\/tathatavrindham-brasil.com.br\/site\/wp-json\/wp\/v2\/media?parent=79"}],"curies":[{"name":"wp","href":"https:\/\/api.w.org\/{rel}","templated":true}]}}