{"id":920,"date":"2021-04-09T10:20:20","date_gmt":"2021-04-09T13:20:20","guid":{"rendered":"http:\/\/tathatavrindham-brasil.com.br\/site\/?page_id=920"},"modified":"2021-05-11T15:18:31","modified_gmt":"2021-05-11T18:18:31","slug":"meditacao-vedica-aisvara-yoga","status":"publish","type":"page","link":"https:\/\/tathatavrindham-brasil.com.br\/site\/meditacao-vedica-aisvara-yoga\/","title":{"rendered":"<h1 style=\"text-align:center;\">Medita\u00e7\u00e3o V\u00e9dica &#8211; Aisvara Yoga<br>Atividade on-line<\/h1>"},"content":{"rendered":"<p style=\"text-align: center;\">A <strong>Medita\u00e7\u00e3o na Luz Suprema<\/strong> est\u00e1 no centro desta pr\u00e1tica concebida por <strong>\u015ar\u012b Tath\u0101ta<\/strong>, <a href=\"http:\/\/tathatavrindham-brasil.com.br\/site\/aisvara-yoga\/\"><em>saiba mais&#8230;<\/em><\/a><\/p>\n<p class=\"_04xlpA direction-ltr align-start para-style-body\" style=\"text-align: center;\"><span class=\"JsGRdQ\"><strong>Tath\u0101ta Vrindham Brasil<\/strong> e o <\/span><span class=\"JsGRdQ\"><strong>Centro Cultural Swami Vivekananda<\/strong> convidam para:<br \/>\n<\/span><\/p>\n<p class=\"_04xlpA direction-ltr align-start para-style-body\"><span class=\"JsGRdQ\"><img decoding=\"async\" loading=\"lazy\" class=\"aligncenter size-large wp-image-992\" src=\"http:\/\/tathatavrindham-brasil.com.br\/site\/wp-content\/uploads\/2021\/05\/Workshop-Trabalhando-conscientemente-com-a-Luz-Dourada-1-1024x536.png\" alt=\"\" width=\"720\" height=\"377\" srcset=\"https:\/\/tathatavrindham-brasil.com.br\/site\/wp-content\/uploads\/2021\/05\/Workshop-Trabalhando-conscientemente-com-a-Luz-Dourada-1-1024x536.png 1024w, https:\/\/tathatavrindham-brasil.com.br\/site\/wp-content\/uploads\/2021\/05\/Workshop-Trabalhando-conscientemente-com-a-Luz-Dourada-1-300x157.png 300w, https:\/\/tathatavrindham-brasil.com.br\/site\/wp-content\/uploads\/2021\/05\/Workshop-Trabalhando-conscientemente-com-a-Luz-Dourada-1-768x402.png 768w, https:\/\/tathatavrindham-brasil.com.br\/site\/wp-content\/uploads\/2021\/05\/Workshop-Trabalhando-conscientemente-com-a-Luz-Dourada-1.png 1200w\" sizes=\"(max-width: 720px) 100vw, 720px\" \/><\/span><\/p>\n<p class=\"_04xlpA direction-ltr align-start para-style-body\"><strong><span class=\"JsGRdQ\"><span style=\"font-family: arial, helvetica, sans-serif;\">1.\u00aa<\/span> e <span style=\"font-family: arial, helvetica, sans-serif;\">3<\/span>.\u00aa<\/span> T<span class=\"JsGRdQ\">er\u00e7a-feira do m\u00eas, d<\/span><\/strong><strong><span class=\"JsGRdQ\">as <span style=\"font-family: arial, helvetica, sans-serif;\">15h30 <span style=\"font-family: georgia, palatino, serif;\">\u00e0s<\/span> 16h30<\/span><\/span><\/strong><\/p>\n<p><strong><span class=\"JsGRdQ\">Com Andr\u00e9a Elias<\/span><\/strong><\/p>\n<p><strong><span class=\"JsGRdQ\">Atividade Gratuita<\/span><\/strong><\/p>\n<p class=\"_04xlpA direction-ltr align-start para-style-body\"><a href=\"https:\/\/bit.ly\/luz-dourada\" target=\"_blank\" rel=\"noopener noreferrer\"><strong>Acesso via ZOOM com pr\u00e9-inscri\u00e7\u00e3o: <span class=\"JsGRdQ\">https:\/\/bit.ly\/luz-dourada<\/span><\/strong><\/a><\/p>\n","protected":false},"excerpt":{"rendered":"<p>A Medita\u00e7\u00e3o na Luz Suprema est\u00e1 no centro desta pr\u00e1tica concebida por \u015ar\u012b Tath\u0101ta, saiba mais&#8230; Tath\u0101ta Vrindham Brasil e o Centro Cultural Swami Vivekananda convidam para: 1.\u00aa e 3.\u00aa Ter\u00e7a-feira do m\u00eas, das 15h30 \u00e0s 16h30 Com Andr\u00e9a Elias<\/p>\n","protected":false},"author":1,"featured_media":0,"parent":0,"menu_order":0,"comment_status":"closed","ping_status":"closed","template":"","meta":[],"_links":{"self":[{"href":"https:\/\/tathatavrindham-brasil.com.br\/site\/wp-json\/wp\/v2\/pages\/920"}],"collection":[{"href":"https:\/\/tathatavrindham-brasil.com.br\/site\/wp-json\/wp\/v2\/pages"}],"about":[{"href":"https:\/\/tathatavrindham-brasil.com.br\/site\/wp-json\/wp\/v2\/types\/page"}],"author":[{"embeddable":true,"href":"https:\/\/tathatavrindham-brasil.com.br\/site\/wp-json\/wp\/v2\/users\/1"}],"replies":[{"embeddable":true,"href":"https:\/\/tathatavrindham-brasil.com.br\/site\/wp-json\/wp\/v2\/comments?post=920"}],"version-history":[{"count":25,"href":"https:\/\/tathatavrindham-brasil.com.br\/site\/wp-json\/wp\/v2\/pages\/920\/revisions"}],"predecessor-version":[{"id":997,"href":"https:\/\/tathatavrindham-brasil.com.br\/site\/wp-json\/wp\/v2\/pages\/920\/revisions\/997"}],"wp:attachment":[{"href":"https:\/\/tathatavrindham-brasil.com.br\/site\/wp-json\/wp\/v2\/media?parent=920"}],"curies":[{"name":"wp","href":"https:\/\/api.w.org\/{rel}","templated":true}]}}